{"id":8028,"date":"2024-09-29T15:47:46","date_gmt":"2024-09-29T13:47:46","guid":{"rendered":"https:\/\/wwwww.blumi.photo\/?post_type=product&#038;p=8028"},"modified":"2024-09-29T15:47:47","modified_gmt":"2024-09-29T13:47:47","slug":"fotokniha-stvorcova-21x21","status":"publish","type":"product","link":"https:\/\/fotino.cz\/sk\/produkt\/fotokniha-stvorcova-21x21\/","title":{"rendered":"Fotokniha \u0161tvorcov\u00e1 21&#215;21"},"content":{"rendered":"<p>[et_pb_section fb_built=&#8220;1&#8243; _builder_version=&#8220;4.20.2&#8243; _module_preset=&#8220;f4556556-e96a-43bb-b6c4-bb2d35ba7384&#8243; background_color=&#8220;#F8F7F5&#8243; background_enable_image=&#8220;off&#8220; width_tablet=&#8220;&#8220; width_phone=&#8220;90%&#8220; width_last_edited=&#8220;on|phone&#8220; module_alignment=&#8220;center&#8220; custom_padding=&#8220;24px||24px||true|&#8220; da_disable_devices=&#8220;off|off|off&#8220; border_color_top=&#8220;#E09900&#8243; global_colors_info=&#8220;{}&#8220; da_is_popup=&#8220;off&#8220; da_exit_intent=&#8220;off&#8220; da_has_close=&#8220;on&#8220; da_alt_close=&#8220;off&#8220; da_dark_close=&#8220;off&#8220; da_not_modal=&#8220;on&#8220; da_is_singular=&#8220;off&#8220; da_with_loader=&#8220;off&#8220; da_has_shadow=&#8220;on&#8220;][et_pb_row column_structure=&#8220;1_4,1_4,1_4,1_4&#8243; use_custom_gutter=&#8220;on&#8220; gutter_width=&#8220;1&#8243; _builder_version=&#8220;4.20.2&#8243; _module_preset=&#8220;default&#8220; width=&#8220;97%&#8220; custom_margin=&#8220;||||false|false&#8220; custom_padding=&#8220;0px||0px||false|false&#8220; global_colors_info=&#8220;{}&#8220;][et_pb_column type=&#8220;1_4&#8243; _builder_version=&#8220;4.20.2&#8243; _module_preset=&#8220;default&#8220; background_enable_color=&#8220;off&#8220; background_enable_image=&#8220;off&#8220; custom_padding=&#8220;|10px||10px|false|false&#8220; border_width_right=&#8220;2px&#8220; border_color_right=&#8220;#EEE8E2&#8243; global_colors_info=&#8220;{}&#8220;][et_pb_text _builder_version=&#8220;4.20.2&#8243; _module_preset=&#8220;default&#8220; text_font=&#8220;|500|||||||&#8220; text_text_color=&#8220;#595959&#8243; text_font_size=&#8220;23px&#8220; header_text_align=&#8220;left&#8220; text_orientation=&#8220;center&#8220; module_alignment=&#8220;center&#8220; custom_margin=&#8220;||||false|false&#8220; custom_padding=&#8220;||10px||false|false&#8220; locked=&#8220;off&#8220; global_colors_info=&#8220;{}&#8220;]Fotoknihy<br \/>\n[\/et_pb_text][et_pb_divider color=&#8220;#EEE8E2&#8243; divider_weight=&#8220;3px&#8220; _builder_version=&#8220;4.20.2&#8243; _module_preset=&#8220;default&#8220; width=&#8220;12%&#8220; module_alignment=&#8220;center&#8220; custom_margin=&#8220;||0px||false|false&#8220; custom_padding=&#8220;||||false|false&#8220; locked=&#8220;off&#8220; global_colors_info=&#8220;{}&#8220;][\/et_pb_divider][et_pb_text _builder_version=&#8220;4.20.2&#8243; _module_preset=&#8220;default&#8220; background_color=&#8220;rgba(248,247,245,0.63)&#8220; text_orientation=&#8220;justified&#8220; width=&#8220;94%&#8220; module_alignment=&#8220;right&#8220; custom_margin=&#8220;||||false|false&#8220; custom_padding=&#8220;|10px|10px|10px|false|false&#8220; global_colors_info=&#8220;{}&#8220;]Vyberte si v\u00e4zbu fotoknihy. Tvrd\u00e1 kni\u017en\u00e1 v\u00e4zba, m\u00e4kk\u00e1 v\u00e4zba alebo zo\u0161itov\u00e1.<br \/>\n[\/et_pb_text][et_pb_button button_url=&#8220;\/sk\/fotoknihy\/&#8220; button_text=&#8220;Zisti\u0165 viac&#8220; button_alignment=&#8220;center&#8220; disabled_on=&#8220;on|on|on&#8220; _builder_version=&#8220;4.20.2&#8243; _module_preset=&#8220;default&#8220; custom_button=&#8220;on&#8220; button_text_size=&#8220;16px&#8220; button_text_color=&#8220;#00A2FF&#8220; button_bg_color=&#8220;#ffffff&#8220; button_border_color=&#8220;#00A2FF&#8220; custom_margin=&#8220;||||false|false&#8220; custom_padding=&#8220;||||false|false&#8220; disabled=&#8220;on&#8220; global_colors_info=&#8220;{}&#8220;][\/et_pb_button][\/et_pb_column][et_pb_column type=&#8220;1_4&#8243; _builder_version=&#8220;4.20.2&#8243; _module_preset=&#8220;default&#8220; custom_padding=&#8220;|10px||10px|false|false&#8220; border_width_right=&#8220;2px&#8220; border_color_right=&#8220;#EEE8E2&#8243; global_colors_info=&#8220;{}&#8220;][et_pb_divider color=&#8220;#EEE8E2&#8243; divider_weight=&#8220;4px&#8220; disabled_on=&#8220;off|on|on&#8220; _builder_version=&#8220;4.20.2&#8243; _module_preset=&#8220;default&#8220; width=&#8220;75%&#8220; module_alignment=&#8220;center&#8220; custom_margin=&#8220;30px||0px||false|false&#8220; custom_margin_tablet=&#8220;||0px||false|false&#8220; custom_margin_phone=&#8220;30px||||false|false&#8220; custom_margin_last_edited=&#8220;off|desktop&#8220; custom_padding=&#8220;||||false|false&#8220; locked=&#8220;off&#8220; global_colors_info=&#8220;{}&#8220;][\/et_pb_divider][et_pb_text _builder_version=&#8220;4.20.2&#8243; _module_preset=&#8220;default&#8220; text_font=&#8220;|600|||||||&#8220; text_text_color=&#8220;#595959&#8243; text_font_size=&#8220;18px&#8220; text_orientation=&#8220;center&#8220; custom_margin=&#8220;||||false|false&#8220; custom_margin_tablet=&#8220;40px||||false|false&#8220; custom_margin_phone=&#8220;||||false|false&#8220; custom_margin_last_edited=&#8220;off|desktop&#8220; custom_padding=&#8220;||10px||false|false&#8220; locked=&#8220;off&#8220; global_colors_info=&#8220;{}&#8220;]Tvrd\u00e1 v\u00e4zba<br \/>\n[\/et_pb_text][et_pb_divider color=&#8220;#EEE8E2&#8243; divider_weight=&#8220;3px&#8220; _builder_version=&#8220;4.20.2&#8243; _module_preset=&#8220;default&#8220; width=&#8220;12%&#8220; module_alignment=&#8220;center&#8220; custom_margin=&#8220;||0px||false|false&#8220; custom_padding=&#8220;||||false|false&#8220; locked=&#8220;off&#8220; global_colors_info=&#8220;{}&#8220;][\/et_pb_divider][et_pb_image src=&#8220;https:\/\/wwwww.blumi.photo\/wp-content\/uploads\/2023\/07\/pb-hc-megamenu-2.webp&#8220; title_text=&#8220;pb-hc-megamenu&#8220; url=&#8220;https:\/\/blumi.photo\/sk\/fotoknihy-\/size&#8220; align=&#8220;center&#8220; _builder_version=&#8220;4.20.4&#8243; _module_preset=&#8220;default&#8220; custom_margin=&#8220;||||false|false&#8220; custom_padding=&#8220;||10px||false|false&#8220; global_colors_info=&#8220;{}&#8220;][\/et_pb_image][\/et_pb_column][et_pb_column type=&#8220;1_4&#8243; _builder_version=&#8220;4.20.2&#8243; _module_preset=&#8220;default&#8220; custom_padding=&#8220;|10px||10px|false|false&#8220; border_width_right=&#8220;2px&#8220; border_color_right=&#8220;#EEE8E2&#8243; global_colors_info=&#8220;{}&#8220;][et_pb_divider color=&#8220;#EEE8E2&#8243; divider_weight=&#8220;4px&#8220; disabled_on=&#8220;off|on|on&#8220; _builder_version=&#8220;4.20.2&#8243; _module_preset=&#8220;default&#8220; width=&#8220;75%&#8220; module_alignment=&#8220;center&#8220; custom_margin=&#8220;30px||0px||false|false&#8220; custom_margin_tablet=&#8220;||0px||false|false&#8220; custom_margin_phone=&#8220;30px||||false|false&#8220; custom_margin_last_edited=&#8220;off|desktop&#8220; custom_padding=&#8220;||||false|false&#8220; locked=&#8220;off&#8220; global_colors_info=&#8220;{}&#8220;][\/et_pb_divider][et_pb_text _builder_version=&#8220;4.20.2&#8243; _module_preset=&#8220;default&#8220; text_font=&#8220;|600|||||||&#8220; text_text_color=&#8220;#595959&#8243; text_font_size=&#8220;18px&#8220; text_orientation=&#8220;center&#8220; custom_margin=&#8220;||||false|false&#8220; custom_margin_tablet=&#8220;40px||||false|false&#8220; custom_margin_phone=&#8220;40px||||false|false&#8220; custom_margin_last_edited=&#8220;off|desktop&#8220; custom_padding=&#8220;||10px||false|false&#8220; locked=&#8220;off&#8220; global_colors_info=&#8220;{}&#8220;]M\u00e4kk\u00e1 v\u00e4zba<br \/>\n[\/et_pb_text][et_pb_divider color=&#8220;#EEE8E2&#8243; divider_weight=&#8220;3px&#8220; _builder_version=&#8220;4.20.2&#8243; _module_preset=&#8220;default&#8220; width=&#8220;12%&#8220; module_alignment=&#8220;center&#8220; custom_margin=&#8220;||0px||false|false&#8220; custom_padding=&#8220;||||false|false&#8220; locked=&#8220;off&#8220; global_colors_info=&#8220;{}&#8220;][\/et_pb_divider][et_pb_image src=&#8220;https:\/\/wwwww.blumi.photo\/wp-content\/uploads\/2023\/07\/pb-sc-megamenu-1.webp&#8220; title_text=&#8220;pb-sc-megamenu&#8220; url=&#8220;https:\/\/blumi.photo\/sk\/fotoknihy-\/size?type=softcover&#8220; align=&#8220;center&#8220; _builder_version=&#8220;4.20.4&#8243; _module_preset=&#8220;default&#8220; custom_margin=&#8220;||||false|false&#8220; custom_padding=&#8220;||10px||false|false&#8220; global_colors_info=&#8220;{}&#8220;][\/et_pb_image][\/et_pb_column][et_pb_column type=&#8220;1_4&#8243; _builder_version=&#8220;4.20.2&#8243; _module_preset=&#8220;default&#8220; custom_padding=&#8220;|10px||10px|false|false&#8220; global_colors_info=&#8220;{}&#8220;][et_pb_divider color=&#8220;#EEE8E2&#8243; divider_weight=&#8220;4px&#8220; disabled_on=&#8220;off|on|on&#8220; _builder_version=&#8220;4.20.2&#8243; _module_preset=&#8220;default&#8220; width=&#8220;75%&#8220; module_alignment=&#8220;center&#8220; custom_margin=&#8220;30px||0px||false|false&#8220; custom_margin_tablet=&#8220;||0px||false|false&#8220; custom_margin_phone=&#8220;30px||||false|false&#8220; custom_margin_last_edited=&#8220;off|desktop&#8220; custom_padding=&#8220;||||false|false&#8220; locked=&#8220;off&#8220; global_colors_info=&#8220;{}&#8220;][\/et_pb_divider][et_pb_text _builder_version=&#8220;4.20.2&#8243; _module_preset=&#8220;default&#8220; text_font=&#8220;|600|||||||&#8220; text_text_color=&#8220;#595959&#8243; text_font_size=&#8220;18px&#8220; text_orientation=&#8220;center&#8220; custom_margin=&#8220;||||false|false&#8220; custom_margin_tablet=&#8220;40px||||false|false&#8220; custom_margin_phone=&#8220;40px||||false|false&#8220; custom_margin_last_edited=&#8220;off|desktop&#8220; custom_padding=&#8220;||10px||false|false&#8220; locked=&#8220;off&#8220; global_colors_info=&#8220;{}&#8220;]Zo\u017eitov\u00e1 v\u00e4zba<br \/>\n[\/et_pb_text][et_pb_divider color=&#8220;#EEE8E2&#8243; divider_weight=&#8220;3px&#8220; _builder_version=&#8220;4.20.2&#8243; _module_preset=&#8220;default&#8220; width=&#8220;12%&#8220; module_alignment=&#8220;center&#8220; custom_margin=&#8220;||0px||false|false&#8220; custom_padding=&#8220;||||false|false&#8220; locked=&#8220;off&#8220; global_colors_info=&#8220;{}&#8220;][\/et_pb_divider][et_pb_image src=&#8220;https:\/\/wwwww.blumi.photo\/wp-content\/uploads\/2023\/07\/pb-bl-megamenua.webp&#8220; title_text=&#8220;pb-bl-megamenua&#8220; url=&#8220;https:\/\/blumi.photo\/sk\/fotoknihy-\/editor?pagesSettings=24%20pages%20for%20stapledBooklet&#038;type=stapledbooklet&#038;productId=fotokniha-rychly-navrh&#8220; align=&#8220;center&#8220; _builder_version=&#8220;4.20.4&#8243; _module_preset=&#8220;default&#8220; custom_margin=&#8220;||||false|false&#8220; custom_padding=&#8220;||10px||false|false&#8220; global_colors_info=&#8220;{}&#8220;][\/et_pb_image][\/et_pb_column][\/et_pb_row][\/et_pb_section]<\/p>\n","protected":false},"excerpt":{"rendered":"<p><img decoding=\"async\" src=\"https:\/\/blumi.photo\/img\/cms\/landingpage\/ICO\/images.png\" alt=\"\" \/> <strong>Po\u010det fotiek<\/strong>: min. 24 a\u017e neobmedzene<br \/>\n<img decoding=\"async\" src=\"https:\/\/blumi.photo\/img\/cms\/landingpage\/ICO\/book-open.png\" alt=\"\" \/> <strong>Po\u010det str\u00e1n<\/strong><strong>:<\/strong> min. 24-160<br \/>\n<img decoding=\"async\" src=\"https:\/\/blumi.photo\/img\/cms\/landingpage\/ICO\/clock.png\" alt=\"\" \/> <strong>\u010cas vytvorenia<\/strong>: cca 20-40 min\u00fat<br \/>\n<em>\u0160tvorcov\u00e1 21&#215;21 cm<br \/>\n<\/em><img decoding=\"async\" src=\"https:\/\/blumi.photo\/img\/cms\/landingpage\/ICO\/book.png\" alt=\"\" \/> <strong>Druh v\u00e4zby<\/strong><strong>: <\/strong>tvrd\u00e1 v\u00e4zba<br \/>\n<img decoding=\"async\" src=\"https:\/\/blumi.photo\/img\/cms\/landingpage\/ICO\/printer-alt.png\" alt=\"\" \/> Tla\u010d na kvalitn\u00fd leskl\u00fd 170g papier.<br \/>\n<img decoding=\"async\" src=\"https:\/\/blumi.photo\/img\/cms\/landingpage\/ICO\/blumi-truck.png\" alt=\"\" \/> <strong>Doba v\u00fdroby<\/strong>: 7 pracovn\u00fdch dn\u00ed + 1-2 dni doru\u010denie<\/p>\n","protected":false},"featured_media":7269,"comment_status":"open","ping_status":"closed","template":"","meta":{"_et_pb_use_builder":"on","_et_pb_old_content":"<h3>Na jeden klik<\/h3>\r\nPrisp\u00f4sobte si rozlo\u017eenie fotografi\u00ed vo va\u0161ej fotoknihe jedin\u00fdm kliknut\u00edm. Pridajte si neobmedzen\u00e9 mno\u017estvo fotiek. Pou\u017eite funkciu rozlo\u017eenia a vyberte si z mnoh\u00fdch \u0161abl\u00f3n rozlo\u017eenia fotiek.\r\n<h3>R\u00fdchlo a jednoducho<\/h3>\r\nZmena dizajnu\u00a0je ve\u013emi jednoduch\u00e1. Pridajte si obr\u00e1zky, zme\u0148te pozadie alebo pridajte \u010fal\u0161ie textov\u00e9 polia. Vyberte si z pripraven\u00fdch dizajnov alebo si vytvorte vlastn\u00fd.\r\n\r\n<strong>Charakteristika fotoknihy:\r\n<\/strong>Fotoknihy s\u00fa tla\u010den\u00e9 na pr\u00e9miov\u00fd natieran\u00fd polomatn\u00fd 170g papier\r\nPodkladov\u00fd kart\u00f3n 2,5mm","_et_gb_content_width":""},"product_brand":[],"product_cat":[73],"product_tag":[],"class_list":{"0":"post-8028","1":"product","2":"type-product","3":"status-publish","4":"has-post-thumbnail","6":"product_cat-fotoknihy","8":"first","9":"instock","10":"sale","11":"shipping-taxable","12":"purchasable","13":"product-type-variable"},"yoast_head":"<!-- This site is optimized with the Yoast SEO plugin v27.2 - https:\/\/yoast.com\/product\/yoast-seo-wordpress\/ -->\n<title>Fotokniha \u0161tvorcov\u00e1 21x21 - Fotino<\/title>\n<meta name=\"robots\" content=\"index, follow, max-snippet:-1, max-image-preview:large, max-video-preview:-1\" \/>\n<link rel=\"canonical\" href=\"https:\/\/fotino.cz\/sk\/produkt\/fotokniha-stvorcova-21x21\/\" \/>\n<meta property=\"og:locale\" content=\"sk_SK\" \/>\n<meta property=\"og:type\" content=\"article\" \/>\n<meta property=\"og:title\" content=\"Fotokniha \u0161tvorcov\u00e1 21x21 - Fotino\" \/>\n<meta property=\"og:description\" content=\"Po\u010det fotiek: min. 24 a\u017e neobmedzene  Po\u010det str\u00e1n: min. 24-160  \u010cas vytvorenia: cca 20-40 min\u00fat \u0160tvorcov\u00e1 21x21 cm  Druh v\u00e4zby: tvrd\u00e1 v\u00e4zba  Tla\u010d na kvalitn\u00fd leskl\u00fd 170g papier.  Doba v\u00fdroby: 7 pracovn\u00fdch dn\u00ed + 1-2 dni doru\u010denie\" \/>\n<meta property=\"og:url\" content=\"https:\/\/fotino.cz\/sk\/produkt\/fotokniha-stvorcova-21x21\/\" \/>\n<meta property=\"og:site_name\" content=\"Fotino\" \/>\n<meta property=\"article:modified_time\" content=\"2024-09-29T13:47:47+00:00\" \/>\n<meta property=\"og:image\" content=\"https:\/\/fotino.cz\/wp-content\/uploads\/2023\/07\/photobook-21x21-1-scaled.webp\" \/>\n\t<meta property=\"og:image:width\" content=\"2560\" \/>\n\t<meta property=\"og:image:height\" content=\"2134\" \/>\n\t<meta property=\"og:image:type\" content=\"image\/webp\" \/>\n<meta name=\"twitter:card\" content=\"summary_large_image\" \/>\n<meta name=\"twitter:label1\" content=\"Availability\" \/>\n\t<meta name=\"twitter:data1\" content=\"In stock\" \/>\n<script type=\"application\/ld+json\" class=\"yoast-schema-graph\">{\"@context\":\"https:\/\/schema.org\",\"@graph\":[{\"@type\":\"WebPage\",\"@id\":\"https:\/\/fotino.cz\/sk\/produkt\/fotokniha-stvorcova-21x21\/\",\"url\":\"https:\/\/fotino.cz\/sk\/produkt\/fotokniha-stvorcova-21x21\/\",\"name\":\"Fotokniha \u0161tvorcov\u00e1 21x21 - Fotino\",\"isPartOf\":{\"@id\":\"https:\/\/fotino.cz\/sk\/#website\"},\"primaryImageOfPage\":{\"@id\":\"https:\/\/fotino.cz\/sk\/produkt\/fotokniha-stvorcova-21x21\/#primaryimage\"},\"image\":{\"@id\":\"https:\/\/fotino.cz\/sk\/produkt\/fotokniha-stvorcova-21x21\/#primaryimage\"},\"thumbnailUrl\":\"https:\/\/fotino.cz\/wp-content\/uploads\/2023\/07\/photobook-21x21-1-scaled.webp\",\"datePublished\":\"2024-09-29T13:47:46+00:00\",\"dateModified\":\"2024-09-29T13:47:47+00:00\",\"breadcrumb\":{\"@id\":\"https:\/\/fotino.cz\/sk\/produkt\/fotokniha-stvorcova-21x21\/#breadcrumb\"},\"inLanguage\":\"sk-SK\",\"potentialAction\":[{\"@type\":\"ReadAction\",\"target\":[\"https:\/\/fotino.cz\/sk\/produkt\/fotokniha-stvorcova-21x21\/\"]}]},{\"@type\":\"ImageObject\",\"inLanguage\":\"sk-SK\",\"@id\":\"https:\/\/fotino.cz\/sk\/produkt\/fotokniha-stvorcova-21x21\/#primaryimage\",\"url\":\"https:\/\/fotino.cz\/wp-content\/uploads\/2023\/07\/photobook-21x21-1-scaled.webp\",\"contentUrl\":\"https:\/\/fotino.cz\/wp-content\/uploads\/2023\/07\/photobook-21x21-1-scaled.webp\",\"width\":2560,\"height\":2134},{\"@type\":\"BreadcrumbList\",\"@id\":\"https:\/\/fotino.cz\/sk\/produkt\/fotokniha-stvorcova-21x21\/#breadcrumb\",\"itemListElement\":[{\"@type\":\"ListItem\",\"position\":1,\"name\":\"Home\",\"item\":\"https:\/\/fotino.cz\/sk\/\"},{\"@type\":\"ListItem\",\"position\":2,\"name\":\"Shop\",\"item\":\"https:\/\/fotino.cz\/sk\/obchod\/\"},{\"@type\":\"ListItem\",\"position\":3,\"name\":\"Fotokniha \u0161tvorcov\u00e1 21&#215;21\"}]},{\"@type\":\"WebSite\",\"@id\":\"https:\/\/fotino.cz\/sk\/#website\",\"url\":\"https:\/\/fotino.cz\/sk\/\",\"name\":\"Fotino\",\"description\":\"Fotoknihy - Fotoobrazy - Fotokalend\u00e1\u0159e\",\"publisher\":{\"@id\":\"https:\/\/fotino.cz\/sk\/#organization\"},\"potentialAction\":[{\"@type\":\"SearchAction\",\"target\":{\"@type\":\"EntryPoint\",\"urlTemplate\":\"https:\/\/fotino.cz\/sk\/?s={search_term_string}\"},\"query-input\":{\"@type\":\"PropertyValueSpecification\",\"valueRequired\":true,\"valueName\":\"search_term_string\"}}],\"inLanguage\":\"sk-SK\"},{\"@type\":\"Organization\",\"@id\":\"https:\/\/fotino.cz\/sk\/#organization\",\"name\":\"Fotino\",\"url\":\"https:\/\/fotino.cz\/sk\/\",\"logo\":{\"@type\":\"ImageObject\",\"inLanguage\":\"sk-SK\",\"@id\":\"https:\/\/fotino.cz\/sk\/#\/schema\/logo\/image\/\",\"url\":\"https:\/\/fotino.cz\/wp-content\/uploads\/2023\/09\/Logo-Fotino.webp\",\"contentUrl\":\"https:\/\/fotino.cz\/wp-content\/uploads\/2023\/09\/Logo-Fotino.webp\",\"width\":591,\"height\":236,\"caption\":\"Fotino\"},\"image\":{\"@id\":\"https:\/\/fotino.cz\/sk\/#\/schema\/logo\/image\/\"}}]}<\/script>\n<meta property=\"og:availability\" content=\"instock\" \/>\n<meta property=\"product:availability\" content=\"instock\" \/>\n<meta property=\"product:condition\" content=\"new\" \/>\n<!-- \/ Yoast SEO plugin. -->","yoast_head_json":{"title":"Fotokniha \u0161tvorcov\u00e1 21x21 - Fotino","robots":{"index":"index","follow":"follow","max-snippet":"max-snippet:-1","max-image-preview":"max-image-preview:large","max-video-preview":"max-video-preview:-1"},"canonical":"https:\/\/fotino.cz\/sk\/produkt\/fotokniha-stvorcova-21x21\/","og_locale":"sk_SK","og_type":"article","og_title":"Fotokniha \u0161tvorcov\u00e1 21x21 - Fotino","og_description":"Po\u010det fotiek: min. 24 a\u017e neobmedzene  Po\u010det str\u00e1n: min. 24-160  \u010cas vytvorenia: cca 20-40 min\u00fat \u0160tvorcov\u00e1 21x21 cm  Druh v\u00e4zby: tvrd\u00e1 v\u00e4zba  Tla\u010d na kvalitn\u00fd leskl\u00fd 170g papier.  Doba v\u00fdroby: 7 pracovn\u00fdch dn\u00ed + 1-2 dni doru\u010denie","og_url":"https:\/\/fotino.cz\/sk\/produkt\/fotokniha-stvorcova-21x21\/","og_site_name":"Fotino","article_modified_time":"2024-09-29T13:47:47+00:00","og_image":[{"width":2560,"height":2134,"url":"https:\/\/fotino.cz\/wp-content\/uploads\/2023\/07\/photobook-21x21-1-scaled.webp","type":"image\/webp"}],"twitter_card":"summary_large_image","twitter_misc":{"Availability":"In stock"},"schema":{"@context":"https:\/\/schema.org","@graph":[{"@type":"WebPage","@id":"https:\/\/fotino.cz\/sk\/produkt\/fotokniha-stvorcova-21x21\/","url":"https:\/\/fotino.cz\/sk\/produkt\/fotokniha-stvorcova-21x21\/","name":"Fotokniha \u0161tvorcov\u00e1 21x21 - Fotino","isPartOf":{"@id":"https:\/\/fotino.cz\/sk\/#website"},"primaryImageOfPage":{"@id":"https:\/\/fotino.cz\/sk\/produkt\/fotokniha-stvorcova-21x21\/#primaryimage"},"image":{"@id":"https:\/\/fotino.cz\/sk\/produkt\/fotokniha-stvorcova-21x21\/#primaryimage"},"thumbnailUrl":"https:\/\/fotino.cz\/wp-content\/uploads\/2023\/07\/photobook-21x21-1-scaled.webp","datePublished":"2024-09-29T13:47:46+00:00","dateModified":"2024-09-29T13:47:47+00:00","breadcrumb":{"@id":"https:\/\/fotino.cz\/sk\/produkt\/fotokniha-stvorcova-21x21\/#breadcrumb"},"inLanguage":"sk-SK","potentialAction":[{"@type":"ReadAction","target":["https:\/\/fotino.cz\/sk\/produkt\/fotokniha-stvorcova-21x21\/"]}]},{"@type":"ImageObject","inLanguage":"sk-SK","@id":"https:\/\/fotino.cz\/sk\/produkt\/fotokniha-stvorcova-21x21\/#primaryimage","url":"https:\/\/fotino.cz\/wp-content\/uploads\/2023\/07\/photobook-21x21-1-scaled.webp","contentUrl":"https:\/\/fotino.cz\/wp-content\/uploads\/2023\/07\/photobook-21x21-1-scaled.webp","width":2560,"height":2134},{"@type":"BreadcrumbList","@id":"https:\/\/fotino.cz\/sk\/produkt\/fotokniha-stvorcova-21x21\/#breadcrumb","itemListElement":[{"@type":"ListItem","position":1,"name":"Home","item":"https:\/\/fotino.cz\/sk\/"},{"@type":"ListItem","position":2,"name":"Shop","item":"https:\/\/fotino.cz\/sk\/obchod\/"},{"@type":"ListItem","position":3,"name":"Fotokniha \u0161tvorcov\u00e1 21&#215;21"}]},{"@type":"WebSite","@id":"https:\/\/fotino.cz\/sk\/#website","url":"https:\/\/fotino.cz\/sk\/","name":"Fotino","description":"Fotoknihy - Fotoobrazy - Fotokalend\u00e1\u0159e","publisher":{"@id":"https:\/\/fotino.cz\/sk\/#organization"},"potentialAction":[{"@type":"SearchAction","target":{"@type":"EntryPoint","urlTemplate":"https:\/\/fotino.cz\/sk\/?s={search_term_string}"},"query-input":{"@type":"PropertyValueSpecification","valueRequired":true,"valueName":"search_term_string"}}],"inLanguage":"sk-SK"},{"@type":"Organization","@id":"https:\/\/fotino.cz\/sk\/#organization","name":"Fotino","url":"https:\/\/fotino.cz\/sk\/","logo":{"@type":"ImageObject","inLanguage":"sk-SK","@id":"https:\/\/fotino.cz\/sk\/#\/schema\/logo\/image\/","url":"https:\/\/fotino.cz\/wp-content\/uploads\/2023\/09\/Logo-Fotino.webp","contentUrl":"https:\/\/fotino.cz\/wp-content\/uploads\/2023\/09\/Logo-Fotino.webp","width":591,"height":236,"caption":"Fotino"},"image":{"@id":"https:\/\/fotino.cz\/sk\/#\/schema\/logo\/image\/"}}]},"og_availability":"instock","product_availability":"instock","product_condition":"new"},"_links":{"self":[{"href":"https:\/\/fotino.cz\/sk\/wp-json\/wp\/v2\/product\/8028","targetHints":{"allow":["GET"]}}],"collection":[{"href":"https:\/\/fotino.cz\/sk\/wp-json\/wp\/v2\/product"}],"about":[{"href":"https:\/\/fotino.cz\/sk\/wp-json\/wp\/v2\/types\/product"}],"replies":[{"embeddable":true,"href":"https:\/\/fotino.cz\/sk\/wp-json\/wp\/v2\/comments?post=8028"}],"wp:featuredmedia":[{"embeddable":true,"href":"https:\/\/fotino.cz\/sk\/wp-json\/wp\/v2\/media\/7269"}],"wp:attachment":[{"href":"https:\/\/fotino.cz\/sk\/wp-json\/wp\/v2\/media?parent=8028"}],"wp:term":[{"taxonomy":"product_brand","embeddable":true,"href":"https:\/\/fotino.cz\/sk\/wp-json\/wp\/v2\/product_brand?post=8028"},{"taxonomy":"product_cat","embeddable":true,"href":"https:\/\/fotino.cz\/sk\/wp-json\/wp\/v2\/product_cat?post=8028"},{"taxonomy":"product_tag","embeddable":true,"href":"https:\/\/fotino.cz\/sk\/wp-json\/wp\/v2\/product_tag?post=8028"}],"curies":[{"name":"wp","href":"https:\/\/api.w.org\/{rel}","templated":true}]}}