{"id":8013,"date":"2024-09-29T15:47:48","date_gmt":"2024-09-29T13:47:48","guid":{"rendered":"https:\/\/wwwww.blumi.photo\/?post_type=product&#038;p=8013"},"modified":"2024-10-06T21:29:31","modified_gmt":"2024-10-06T19:29:31","slug":"fotokniha-a4-na-sirku","status":"publish","type":"product","link":"https:\/\/fotino.cz\/sk\/produkt\/fotokniha-a4-na-sirku\/","title":{"rendered":"Fotokniha A4 na \u0161\u00edrku"},"content":{"rendered":"<p>[et_pb_section fb_built=&#8220;1&#8243; admin_label=&#8220;section&#8220; _builder_version=&#8220;4.16&#8243; da_disable_devices=&#8220;off|off|off&#8220; global_colors_info=&#8220;{}&#8220; da_is_popup=&#8220;off&#8220; da_exit_intent=&#8220;off&#8220; da_has_close=&#8220;on&#8220; da_alt_close=&#8220;off&#8220; da_dark_close=&#8220;off&#8220; da_not_modal=&#8220;on&#8220; da_is_singular=&#8220;off&#8220; da_with_loader=&#8220;off&#8220; da_has_shadow=&#8220;on&#8220;][et_pb_row admin_label=&#8220;row&#8220; _builder_version=&#8220;4.16&#8243; background_size=&#8220;initial&#8220; background_position=&#8220;top_left&#8220; background_repeat=&#8220;repeat&#8220; global_colors_info=&#8220;{}&#8220;][et_pb_column type=&#8220;4_4&#8243; _builder_version=&#8220;4.16&#8243; custom_padding=&#8220;|||&#8220; global_colors_info=&#8220;{}&#8220; custom_padding__hover=&#8220;|||&#8220;][\/et_pb_column][\/et_pb_row][\/et_pb_section]<\/p>\n","protected":false},"excerpt":{"rendered":"<p><img decoding=\"async\" src=\"https:\/\/blumi.photo\/img\/cms\/landingpage\/ICO\/images.png\" alt=\"\" \/> <strong>Po\u010det fotiek<\/strong>: min. 24 a\u017e neobmedzene<br \/>\n<img decoding=\"async\" src=\"https:\/\/blumi.photo\/img\/cms\/landingpage\/ICO\/book-open.png\" alt=\"\" \/> <strong>Po\u010det str\u00e1n<\/strong><strong>:<\/strong> min. 24-160<br \/>\n<img decoding=\"async\" src=\"https:\/\/blumi.photo\/img\/cms\/landingpage\/ICO\/clock.png\" alt=\"\" \/> <strong>\u010cas vytvorenia<\/strong>: cca 20-40 min\u00fat<br \/>\n<img decoding=\"async\" src=\"https:\/\/blumi.photo\/img\/cms\/landingpage\/ICO\/ruler.png\" alt=\"\" \/> A<em>4 na \u0161\u00edrku 21&#215;29 cm<br \/>\n<\/em><img decoding=\"async\" src=\"https:\/\/blumi.photo\/img\/cms\/landingpage\/ICO\/book.png\" alt=\"\" \/> <strong>Druh v\u00e4zby<\/strong><strong>: <\/strong>tvrd\u00e1 v\u00e4zba<br \/>\n<img decoding=\"async\" src=\"https:\/\/blumi.photo\/img\/cms\/landingpage\/ICO\/printer-alt.png\" alt=\"\" \/> Tla\u010d na kvalitn\u00fd leskl\u00fd 170g papier.<br \/>\n<img decoding=\"async\" src=\"https:\/\/blumi.photo\/img\/cms\/landingpage\/ICO\/blumi-truck.png\" alt=\"\" \/> <strong>Doba v\u00fdroby<\/strong>: 7 pracovn\u00fdch dn\u00ed + 1-2 dni doru\u010denie<\/p>\n","protected":false},"featured_media":7296,"comment_status":"open","ping_status":"closed","template":"","meta":{"_et_pb_use_builder":"on","_et_pb_old_content":"<h3>Na jeden klik<\/h3>\r\nPrisp\u00f4sobte si rozlo\u017eenie\u00a0fotografi\u00ed vo va\u0161ej fotoknihe jedin\u00fdm kliknut\u00edm. Pridajte si neobmedzen\u00e9 mno\u017estvo fotiek. Pou\u017eite funkciu rozlo\u017eenia a vyberte si z mnoh\u00fdch \u0161abl\u00f3n rozlo\u017eenia fotiek\r\n<h3>R\u00fdchlo a jednoducho<\/h3>\r\nZmena dizajnu\u00a0je ve\u013emi jednoduch\u00e1. Pridajte si obr\u00e1zky, zme\u0148te pozadie alebo pridajte \u010fal\u0161ie textov\u00e9 polia. Vyberte si z pripraven\u00fdch dizajnov alebo si vytvorte vlastn\u00fd.\r\n\r\n<strong>Charakteristika fotoknihy:\r\n<\/strong>Fotoknihy s\u00fa tla\u010den\u00e9 na pr\u00e9miov\u00fd natieran\u00fd polomatn\u00fd 170g papier\r\nPodkladov\u00fd kart\u00f3n 2,5mm","_et_gb_content_width":""},"product_brand":[],"product_cat":[73],"product_tag":[],"class_list":{"0":"post-8013","1":"product","2":"type-product","3":"status-publish","4":"has-post-thumbnail","6":"product_cat-fotoknihy","8":"first","9":"instock","10":"sale","11":"shipping-taxable","12":"purchasable","13":"product-type-variable"},"yoast_head":"<!-- This site is optimized with the Yoast SEO plugin v27.2 - https:\/\/yoast.com\/product\/yoast-seo-wordpress\/ -->\n<title>Fotokniha A4 na \u0161\u00edrku - Fotino<\/title>\n<meta name=\"robots\" content=\"index, follow, max-snippet:-1, max-image-preview:large, max-video-preview:-1\" \/>\n<link rel=\"canonical\" href=\"https:\/\/fotino.cz\/sk\/produkt\/fotokniha-a4-na-sirku\/\" \/>\n<meta property=\"og:locale\" content=\"sk_SK\" \/>\n<meta property=\"og:type\" content=\"article\" \/>\n<meta property=\"og:title\" content=\"Fotokniha A4 na \u0161\u00edrku - Fotino\" \/>\n<meta property=\"og:description\" content=\"Po\u010det fotiek: min. 24 a\u017e neobmedzene  Po\u010det str\u00e1n: min. 24-160  \u010cas vytvorenia: cca 20-40 min\u00fat  A4 na \u0161\u00edrku 21x29 cm  Druh v\u00e4zby: tvrd\u00e1 v\u00e4zba  Tla\u010d na kvalitn\u00fd leskl\u00fd 170g papier.  Doba v\u00fdroby: 7 pracovn\u00fdch dn\u00ed + 1-2 dni doru\u010denie\" \/>\n<meta property=\"og:url\" content=\"https:\/\/fotino.cz\/sk\/produkt\/fotokniha-a4-na-sirku\/\" \/>\n<meta property=\"og:site_name\" content=\"Fotino\" \/>\n<meta property=\"article:modified_time\" content=\"2024-10-06T19:29:31+00:00\" \/>\n<meta property=\"og:image\" content=\"https:\/\/fotino.cz\/wp-content\/uploads\/2023\/07\/photobook-a4h-scaled.webp\" \/>\n\t<meta property=\"og:image:width\" content=\"2560\" \/>\n\t<meta property=\"og:image:height\" content=\"2134\" \/>\n\t<meta property=\"og:image:type\" content=\"image\/webp\" \/>\n<meta name=\"twitter:card\" content=\"summary_large_image\" \/>\n<meta name=\"twitter:label1\" content=\"Availability\" \/>\n\t<meta name=\"twitter:data1\" content=\"In stock\" \/>\n<script type=\"application\/ld+json\" class=\"yoast-schema-graph\">{\"@context\":\"https:\/\/schema.org\",\"@graph\":[{\"@type\":\"WebPage\",\"@id\":\"https:\/\/fotino.cz\/sk\/produkt\/fotokniha-a4-na-sirku\/\",\"url\":\"https:\/\/fotino.cz\/sk\/produkt\/fotokniha-a4-na-sirku\/\",\"name\":\"Fotokniha A4 na \u0161\u00edrku - Fotino\",\"isPartOf\":{\"@id\":\"https:\/\/fotino.cz\/sk\/#website\"},\"primaryImageOfPage\":{\"@id\":\"https:\/\/fotino.cz\/sk\/produkt\/fotokniha-a4-na-sirku\/#primaryimage\"},\"image\":{\"@id\":\"https:\/\/fotino.cz\/sk\/produkt\/fotokniha-a4-na-sirku\/#primaryimage\"},\"thumbnailUrl\":\"https:\/\/fotino.cz\/wp-content\/uploads\/2023\/07\/photobook-a4h-scaled.webp\",\"datePublished\":\"2024-09-29T13:47:48+00:00\",\"dateModified\":\"2024-10-06T19:29:31+00:00\",\"breadcrumb\":{\"@id\":\"https:\/\/fotino.cz\/sk\/produkt\/fotokniha-a4-na-sirku\/#breadcrumb\"},\"inLanguage\":\"sk-SK\",\"potentialAction\":[{\"@type\":\"ReadAction\",\"target\":[\"https:\/\/fotino.cz\/sk\/produkt\/fotokniha-a4-na-sirku\/\"]}]},{\"@type\":\"ImageObject\",\"inLanguage\":\"sk-SK\",\"@id\":\"https:\/\/fotino.cz\/sk\/produkt\/fotokniha-a4-na-sirku\/#primaryimage\",\"url\":\"https:\/\/fotino.cz\/wp-content\/uploads\/2023\/07\/photobook-a4h-scaled.webp\",\"contentUrl\":\"https:\/\/fotino.cz\/wp-content\/uploads\/2023\/07\/photobook-a4h-scaled.webp\",\"width\":2560,\"height\":2134},{\"@type\":\"BreadcrumbList\",\"@id\":\"https:\/\/fotino.cz\/sk\/produkt\/fotokniha-a4-na-sirku\/#breadcrumb\",\"itemListElement\":[{\"@type\":\"ListItem\",\"position\":1,\"name\":\"Home\",\"item\":\"https:\/\/fotino.cz\/sk\/\"},{\"@type\":\"ListItem\",\"position\":2,\"name\":\"Shop\",\"item\":\"https:\/\/fotino.cz\/sk\/obchod\/\"},{\"@type\":\"ListItem\",\"position\":3,\"name\":\"Fotokniha A4 na \u0161\u00edrku\"}]},{\"@type\":\"WebSite\",\"@id\":\"https:\/\/fotino.cz\/sk\/#website\",\"url\":\"https:\/\/fotino.cz\/sk\/\",\"name\":\"Fotino\",\"description\":\"Fotoknihy - Fotoobrazy - Fotokalend\u00e1\u0159e\",\"publisher\":{\"@id\":\"https:\/\/fotino.cz\/sk\/#organization\"},\"potentialAction\":[{\"@type\":\"SearchAction\",\"target\":{\"@type\":\"EntryPoint\",\"urlTemplate\":\"https:\/\/fotino.cz\/sk\/?s={search_term_string}\"},\"query-input\":{\"@type\":\"PropertyValueSpecification\",\"valueRequired\":true,\"valueName\":\"search_term_string\"}}],\"inLanguage\":\"sk-SK\"},{\"@type\":\"Organization\",\"@id\":\"https:\/\/fotino.cz\/sk\/#organization\",\"name\":\"Fotino\",\"url\":\"https:\/\/fotino.cz\/sk\/\",\"logo\":{\"@type\":\"ImageObject\",\"inLanguage\":\"sk-SK\",\"@id\":\"https:\/\/fotino.cz\/sk\/#\/schema\/logo\/image\/\",\"url\":\"https:\/\/fotino.cz\/wp-content\/uploads\/2023\/09\/Logo-Fotino.webp\",\"contentUrl\":\"https:\/\/fotino.cz\/wp-content\/uploads\/2023\/09\/Logo-Fotino.webp\",\"width\":591,\"height\":236,\"caption\":\"Fotino\"},\"image\":{\"@id\":\"https:\/\/fotino.cz\/sk\/#\/schema\/logo\/image\/\"}}]}<\/script>\n<meta property=\"og:availability\" content=\"instock\" \/>\n<meta property=\"product:availability\" content=\"instock\" \/>\n<meta property=\"product:condition\" content=\"new\" \/>\n<!-- \/ Yoast SEO plugin. -->","yoast_head_json":{"title":"Fotokniha A4 na \u0161\u00edrku - Fotino","robots":{"index":"index","follow":"follow","max-snippet":"max-snippet:-1","max-image-preview":"max-image-preview:large","max-video-preview":"max-video-preview:-1"},"canonical":"https:\/\/fotino.cz\/sk\/produkt\/fotokniha-a4-na-sirku\/","og_locale":"sk_SK","og_type":"article","og_title":"Fotokniha A4 na \u0161\u00edrku - Fotino","og_description":"Po\u010det fotiek: min. 24 a\u017e neobmedzene  Po\u010det str\u00e1n: min. 24-160  \u010cas vytvorenia: cca 20-40 min\u00fat  A4 na \u0161\u00edrku 21x29 cm  Druh v\u00e4zby: tvrd\u00e1 v\u00e4zba  Tla\u010d na kvalitn\u00fd leskl\u00fd 170g papier.  Doba v\u00fdroby: 7 pracovn\u00fdch dn\u00ed + 1-2 dni doru\u010denie","og_url":"https:\/\/fotino.cz\/sk\/produkt\/fotokniha-a4-na-sirku\/","og_site_name":"Fotino","article_modified_time":"2024-10-06T19:29:31+00:00","og_image":[{"width":2560,"height":2134,"url":"https:\/\/fotino.cz\/wp-content\/uploads\/2023\/07\/photobook-a4h-scaled.webp","type":"image\/webp"}],"twitter_card":"summary_large_image","twitter_misc":{"Availability":"In stock"},"schema":{"@context":"https:\/\/schema.org","@graph":[{"@type":"WebPage","@id":"https:\/\/fotino.cz\/sk\/produkt\/fotokniha-a4-na-sirku\/","url":"https:\/\/fotino.cz\/sk\/produkt\/fotokniha-a4-na-sirku\/","name":"Fotokniha A4 na \u0161\u00edrku - Fotino","isPartOf":{"@id":"https:\/\/fotino.cz\/sk\/#website"},"primaryImageOfPage":{"@id":"https:\/\/fotino.cz\/sk\/produkt\/fotokniha-a4-na-sirku\/#primaryimage"},"image":{"@id":"https:\/\/fotino.cz\/sk\/produkt\/fotokniha-a4-na-sirku\/#primaryimage"},"thumbnailUrl":"https:\/\/fotino.cz\/wp-content\/uploads\/2023\/07\/photobook-a4h-scaled.webp","datePublished":"2024-09-29T13:47:48+00:00","dateModified":"2024-10-06T19:29:31+00:00","breadcrumb":{"@id":"https:\/\/fotino.cz\/sk\/produkt\/fotokniha-a4-na-sirku\/#breadcrumb"},"inLanguage":"sk-SK","potentialAction":[{"@type":"ReadAction","target":["https:\/\/fotino.cz\/sk\/produkt\/fotokniha-a4-na-sirku\/"]}]},{"@type":"ImageObject","inLanguage":"sk-SK","@id":"https:\/\/fotino.cz\/sk\/produkt\/fotokniha-a4-na-sirku\/#primaryimage","url":"https:\/\/fotino.cz\/wp-content\/uploads\/2023\/07\/photobook-a4h-scaled.webp","contentUrl":"https:\/\/fotino.cz\/wp-content\/uploads\/2023\/07\/photobook-a4h-scaled.webp","width":2560,"height":2134},{"@type":"BreadcrumbList","@id":"https:\/\/fotino.cz\/sk\/produkt\/fotokniha-a4-na-sirku\/#breadcrumb","itemListElement":[{"@type":"ListItem","position":1,"name":"Home","item":"https:\/\/fotino.cz\/sk\/"},{"@type":"ListItem","position":2,"name":"Shop","item":"https:\/\/fotino.cz\/sk\/obchod\/"},{"@type":"ListItem","position":3,"name":"Fotokniha A4 na \u0161\u00edrku"}]},{"@type":"WebSite","@id":"https:\/\/fotino.cz\/sk\/#website","url":"https:\/\/fotino.cz\/sk\/","name":"Fotino","description":"Fotoknihy - Fotoobrazy - Fotokalend\u00e1\u0159e","publisher":{"@id":"https:\/\/fotino.cz\/sk\/#organization"},"potentialAction":[{"@type":"SearchAction","target":{"@type":"EntryPoint","urlTemplate":"https:\/\/fotino.cz\/sk\/?s={search_term_string}"},"query-input":{"@type":"PropertyValueSpecification","valueRequired":true,"valueName":"search_term_string"}}],"inLanguage":"sk-SK"},{"@type":"Organization","@id":"https:\/\/fotino.cz\/sk\/#organization","name":"Fotino","url":"https:\/\/fotino.cz\/sk\/","logo":{"@type":"ImageObject","inLanguage":"sk-SK","@id":"https:\/\/fotino.cz\/sk\/#\/schema\/logo\/image\/","url":"https:\/\/fotino.cz\/wp-content\/uploads\/2023\/09\/Logo-Fotino.webp","contentUrl":"https:\/\/fotino.cz\/wp-content\/uploads\/2023\/09\/Logo-Fotino.webp","width":591,"height":236,"caption":"Fotino"},"image":{"@id":"https:\/\/fotino.cz\/sk\/#\/schema\/logo\/image\/"}}]},"og_availability":"instock","product_availability":"instock","product_condition":"new"},"_links":{"self":[{"href":"https:\/\/fotino.cz\/sk\/wp-json\/wp\/v2\/product\/8013","targetHints":{"allow":["GET"]}}],"collection":[{"href":"https:\/\/fotino.cz\/sk\/wp-json\/wp\/v2\/product"}],"about":[{"href":"https:\/\/fotino.cz\/sk\/wp-json\/wp\/v2\/types\/product"}],"replies":[{"embeddable":true,"href":"https:\/\/fotino.cz\/sk\/wp-json\/wp\/v2\/comments?post=8013"}],"wp:featuredmedia":[{"embeddable":true,"href":"https:\/\/fotino.cz\/sk\/wp-json\/wp\/v2\/media\/7296"}],"wp:attachment":[{"href":"https:\/\/fotino.cz\/sk\/wp-json\/wp\/v2\/media?parent=8013"}],"wp:term":[{"taxonomy":"product_brand","embeddable":true,"href":"https:\/\/fotino.cz\/sk\/wp-json\/wp\/v2\/product_brand?post=8013"},{"taxonomy":"product_cat","embeddable":true,"href":"https:\/\/fotino.cz\/sk\/wp-json\/wp\/v2\/product_cat?post=8013"},{"taxonomy":"product_tag","embeddable":true,"href":"https:\/\/fotino.cz\/sk\/wp-json\/wp\/v2\/product_tag?post=8013"}],"curies":[{"name":"wp","href":"https:\/\/api.w.org\/{rel}","templated":true}]}}