{"id":8328,"date":"2023-07-26T16:55:01","date_gmt":"2023-07-26T14:55:01","guid":{"rendered":"https:\/\/wwwww.blumi.photo\/?post_type=product&#038;p=8328"},"modified":"2024-07-05T19:45:19","modified_gmt":"2024-07-05T17:45:19","slug":"voucher-newborn-canvas","status":"publish","type":"product","link":"https:\/\/fotino.cz\/cs\/produkt\/voucher-newborn-canvas\/","title":{"rendered":"Newborn fotoobraz"},"content":{"rendered":"<div class=\"decor-heading\">\n<h3>Jedine\u010dn\u00e1 vzpom\u00ednka na narozen\u00ed va\u0161eho pokladu na pl\u00e1tn\u011b<\/h3>\n<\/div>\n<div class=\"decor-caption\">Voucher na obraz s fotografi\u00ed va\u0161eho miminka vytiskneme na pl\u00e1tno 40&#215;60 cm, kter\u00e9 napneme na d\u0159ev\u011bn\u00fd r\u00e1m.<br \/>\nDo obrazu si m\u016f\u017eete v na\u0161em online smart editoru p\u0159idat krom\u011b fotografie tak\u00e9 jm\u00e9no a d\u016fle\u017eit\u00e9 \u00fadaje jako datum narozen\u00ed, \u010das, v\u00fd\u0161ka a v\u00e1ha.<\/div>\n<div>Vyb\u00edrat m\u016f\u017eete z mno\u017estv\u00ed p\u0159ipraven\u00fdch design\u016f.<\/div>\n<div>Doprava ZDARMA.<\/div>\n","protected":false},"excerpt":{"rendered":"<p><img decoding=\"async\" src=\"https:\/\/blumi.photo\/img\/cms\/landingpage\/ICO\/images.png\" alt=\"\" \/>\u00a0<strong>Po\u010det fotek<\/strong>:\u00a0 1-4<br \/>\n<strong><img decoding=\"async\" class=\"\" src=\"https:\/\/blumi.photo\/img\/cms\/landingpage\/ICO\/clock.png\" alt=\"\" \/> \u010cas tvo\u0159en\u00ed<\/strong>: cca 5 minut<br \/>\n<img decoding=\"async\" src=\"https:\/\/blumi.photo\/img\/cms\/landingpage\/ICO\/ruler.png\" alt=\"\" \/>\u00a0<strong>Rozm\u011bry<\/strong>:\u00a0 40&#215;60 cm<br \/>\n<img decoding=\"async\" src=\"https:\/\/blumi.photo\/img\/cms\/landingpage\/ICO\/printer-alt.png\" alt=\"\" \/>\u00a0<strong>Tisk<\/strong> na pl\u00e1tno<br \/>\n<img decoding=\"async\" src=\"https:\/\/blumi.photo\/img\/cms\/landingpage\/ICO\/blumi-truck.png\" alt=\"\" \/>\u00a0<strong>Dodac\u00ed doba<\/strong>: v\u00fdroba 7 prac. dn\u00ed + 1-2 dny doprava<br \/>\n<img decoding=\"async\" src=\"https:\/\/blumi.photo\/img\/cms\/landingpage\/ICO\/blumi-truck.png\" alt=\"\" \/>\u00a0<strong>Cena dopravy<\/strong>: zdarma<\/p>\n","protected":false},"featured_media":8308,"comment_status":"open","ping_status":"closed","template":"","meta":{"_et_pb_use_builder":"","_et_pb_old_content":"","_et_gb_content_width":""},"product_brand":[],"product_cat":[169],"product_tag":[],"class_list":{"0":"post-8328","1":"product","2":"type-product","3":"status-publish","4":"has-post-thumbnail","6":"product_cat-fotoobraz-na-platne-cs","8":"first","9":"instock","10":"sale","11":"downloadable","12":"virtual","13":"purchasable","14":"product-type-simple"},"yoast_head":"<!-- This site is optimized with the Yoast SEO plugin v27.2 - https:\/\/yoast.com\/product\/yoast-seo-wordpress\/ -->\n<title>Newborn fotoobraz - Fotino<\/title>\n<meta name=\"robots\" content=\"index, follow, max-snippet:-1, max-image-preview:large, max-video-preview:-1\" \/>\n<link rel=\"canonical\" href=\"https:\/\/fotino.cz\/cs\/produkt\/voucher-newborn-canvas\/\" \/>\n<meta property=\"og:locale\" content=\"cs_CZ\" \/>\n<meta property=\"og:type\" content=\"article\" \/>\n<meta property=\"og:title\" content=\"Newborn fotoobraz - Fotino\" \/>\n<meta property=\"og:description\" content=\"\u00a0Po\u010det fotek:\u00a0 1-4  \u010cas tvo\u0159en\u00ed: cca 5 minut \u00a0Rozm\u011bry:\u00a0 40x60 cm \u00a0Tisk na pl\u00e1tno \u00a0Dodac\u00ed doba: v\u00fdroba 7 prac. dn\u00ed + 1-2 dny doprava \u00a0Cena dopravy: zdarma\" \/>\n<meta property=\"og:url\" content=\"https:\/\/fotino.cz\/cs\/produkt\/voucher-newborn-canvas\/\" \/>\n<meta property=\"og:site_name\" content=\"Fotino\" \/>\n<meta property=\"article:modified_time\" content=\"2024-07-05T17:45:19+00:00\" \/>\n<meta property=\"og:image\" content=\"https:\/\/fotino.cz\/wp-content\/uploads\/2023\/07\/6e1fab08aa71e64275737dadd020fe02-jpg.webp\" \/>\n\t<meta property=\"og:image:width\" content=\"564\" \/>\n\t<meta property=\"og:image:height\" content=\"798\" \/>\n\t<meta property=\"og:image:type\" content=\"image\/jpeg\" \/>\n<meta name=\"twitter:card\" content=\"summary_large_image\" \/>\n<meta name=\"twitter:label1\" content=\"Cena\" \/>\n\t<meta name=\"twitter:data1\" content=\"789,00&nbsp;&#075;&#269;\" \/>\n\t<meta name=\"twitter:label2\" content=\"Dostupnost\" \/>\n\t<meta name=\"twitter:data2\" content=\"Skladem\" \/>\n<script type=\"application\/ld+json\" class=\"yoast-schema-graph\">{\"@context\":\"https:\/\/schema.org\",\"@graph\":[{\"@type\":\"WebPage\",\"@id\":\"https:\/\/fotino.cz\/cs\/produkt\/voucher-newborn-canvas\/\",\"url\":\"https:\/\/fotino.cz\/cs\/produkt\/voucher-newborn-canvas\/\",\"name\":\"Newborn fotoobraz - Fotino\",\"isPartOf\":{\"@id\":\"https:\/\/fotino.cz\/cs\/#website\"},\"primaryImageOfPage\":{\"@id\":\"https:\/\/fotino.cz\/cs\/produkt\/voucher-newborn-canvas\/#primaryimage\"},\"image\":{\"@id\":\"https:\/\/fotino.cz\/cs\/produkt\/voucher-newborn-canvas\/#primaryimage\"},\"thumbnailUrl\":\"https:\/\/fotino.cz\/wp-content\/uploads\/2023\/07\/6e1fab08aa71e64275737dadd020fe02-jpg.webp\",\"datePublished\":\"2023-07-26T14:55:01+00:00\",\"dateModified\":\"2024-07-05T17:45:19+00:00\",\"breadcrumb\":{\"@id\":\"https:\/\/fotino.cz\/cs\/produkt\/voucher-newborn-canvas\/#breadcrumb\"},\"inLanguage\":\"cs\",\"potentialAction\":[{\"@type\":\"ReadAction\",\"target\":[\"https:\/\/fotino.cz\/cs\/produkt\/voucher-newborn-canvas\/\"]}]},{\"@type\":\"ImageObject\",\"inLanguage\":\"cs\",\"@id\":\"https:\/\/fotino.cz\/cs\/produkt\/voucher-newborn-canvas\/#primaryimage\",\"url\":\"https:\/\/fotino.cz\/wp-content\/uploads\/2023\/07\/6e1fab08aa71e64275737dadd020fe02-jpg.webp\",\"contentUrl\":\"https:\/\/fotino.cz\/wp-content\/uploads\/2023\/07\/6e1fab08aa71e64275737dadd020fe02-jpg.webp\",\"width\":564,\"height\":798},{\"@type\":\"BreadcrumbList\",\"@id\":\"https:\/\/fotino.cz\/cs\/produkt\/voucher-newborn-canvas\/#breadcrumb\",\"itemListElement\":[{\"@type\":\"ListItem\",\"position\":1,\"name\":\"Home\",\"item\":\"https:\/\/fotino.cz\/cs\/\"},{\"@type\":\"ListItem\",\"position\":2,\"name\":\"Shop\",\"item\":\"https:\/\/fotino.cz\/cs\/obchod\/\"},{\"@type\":\"ListItem\",\"position\":3,\"name\":\"Newborn fotoobraz\"}]},{\"@type\":\"WebSite\",\"@id\":\"https:\/\/fotino.cz\/cs\/#website\",\"url\":\"https:\/\/fotino.cz\/cs\/\",\"name\":\"Fotino\",\"description\":\"Photobook | Canvas | Photocalendar\",\"publisher\":{\"@id\":\"https:\/\/fotino.cz\/cs\/#organization\"},\"potentialAction\":[{\"@type\":\"SearchAction\",\"target\":{\"@type\":\"EntryPoint\",\"urlTemplate\":\"https:\/\/fotino.cz\/cs\/?s={search_term_string}\"},\"query-input\":{\"@type\":\"PropertyValueSpecification\",\"valueRequired\":true,\"valueName\":\"search_term_string\"}}],\"inLanguage\":\"cs\"},{\"@type\":\"Organization\",\"@id\":\"https:\/\/fotino.cz\/cs\/#organization\",\"name\":\"Fotino\",\"url\":\"https:\/\/fotino.cz\/cs\/\",\"logo\":{\"@type\":\"ImageObject\",\"inLanguage\":\"cs\",\"@id\":\"https:\/\/fotino.cz\/cs\/#\/schema\/logo\/image\/\",\"url\":\"https:\/\/fotino.cz\/wp-content\/uploads\/2023\/09\/Logo-Fotino.webp\",\"contentUrl\":\"https:\/\/fotino.cz\/wp-content\/uploads\/2023\/09\/Logo-Fotino.webp\",\"width\":591,\"height\":236,\"caption\":\"Fotino\"},\"image\":{\"@id\":\"https:\/\/fotino.cz\/cs\/#\/schema\/logo\/image\/\"}}]}<\/script>\n<meta property=\"product:price:amount\" content=\"789.00\" \/>\n<meta property=\"product:price:currency\" content=\"CZK\" \/>\n<meta property=\"og:availability\" content=\"instock\" \/>\n<meta property=\"product:availability\" content=\"instock\" \/>\n<meta property=\"product:condition\" content=\"new\" \/>\n<!-- \/ Yoast SEO plugin. -->","yoast_head_json":{"title":"Newborn fotoobraz - Fotino","robots":{"index":"index","follow":"follow","max-snippet":"max-snippet:-1","max-image-preview":"max-image-preview:large","max-video-preview":"max-video-preview:-1"},"canonical":"https:\/\/fotino.cz\/cs\/produkt\/voucher-newborn-canvas\/","og_locale":"cs_CZ","og_type":"article","og_title":"Newborn fotoobraz - Fotino","og_description":"\u00a0Po\u010det fotek:\u00a0 1-4  \u010cas tvo\u0159en\u00ed: cca 5 minut \u00a0Rozm\u011bry:\u00a0 40x60 cm \u00a0Tisk na pl\u00e1tno \u00a0Dodac\u00ed doba: v\u00fdroba 7 prac. dn\u00ed + 1-2 dny doprava \u00a0Cena dopravy: zdarma","og_url":"https:\/\/fotino.cz\/cs\/produkt\/voucher-newborn-canvas\/","og_site_name":"Fotino","article_modified_time":"2024-07-05T17:45:19+00:00","og_image":[{"width":564,"height":798,"url":"https:\/\/fotino.cz\/wp-content\/uploads\/2023\/07\/6e1fab08aa71e64275737dadd020fe02-jpg.webp","type":"image\/jpeg"}],"twitter_card":"summary_large_image","twitter_misc":{"Cena":"789,00&nbsp;&#75;&#269;","Dostupnost":"Skladem"},"schema":{"@context":"https:\/\/schema.org","@graph":[{"@type":"WebPage","@id":"https:\/\/fotino.cz\/cs\/produkt\/voucher-newborn-canvas\/","url":"https:\/\/fotino.cz\/cs\/produkt\/voucher-newborn-canvas\/","name":"Newborn fotoobraz - Fotino","isPartOf":{"@id":"https:\/\/fotino.cz\/cs\/#website"},"primaryImageOfPage":{"@id":"https:\/\/fotino.cz\/cs\/produkt\/voucher-newborn-canvas\/#primaryimage"},"image":{"@id":"https:\/\/fotino.cz\/cs\/produkt\/voucher-newborn-canvas\/#primaryimage"},"thumbnailUrl":"https:\/\/fotino.cz\/wp-content\/uploads\/2023\/07\/6e1fab08aa71e64275737dadd020fe02-jpg.webp","datePublished":"2023-07-26T14:55:01+00:00","dateModified":"2024-07-05T17:45:19+00:00","breadcrumb":{"@id":"https:\/\/fotino.cz\/cs\/produkt\/voucher-newborn-canvas\/#breadcrumb"},"inLanguage":"cs","potentialAction":[{"@type":"ReadAction","target":["https:\/\/fotino.cz\/cs\/produkt\/voucher-newborn-canvas\/"]}]},{"@type":"ImageObject","inLanguage":"cs","@id":"https:\/\/fotino.cz\/cs\/produkt\/voucher-newborn-canvas\/#primaryimage","url":"https:\/\/fotino.cz\/wp-content\/uploads\/2023\/07\/6e1fab08aa71e64275737dadd020fe02-jpg.webp","contentUrl":"https:\/\/fotino.cz\/wp-content\/uploads\/2023\/07\/6e1fab08aa71e64275737dadd020fe02-jpg.webp","width":564,"height":798},{"@type":"BreadcrumbList","@id":"https:\/\/fotino.cz\/cs\/produkt\/voucher-newborn-canvas\/#breadcrumb","itemListElement":[{"@type":"ListItem","position":1,"name":"Home","item":"https:\/\/fotino.cz\/cs\/"},{"@type":"ListItem","position":2,"name":"Shop","item":"https:\/\/fotino.cz\/cs\/obchod\/"},{"@type":"ListItem","position":3,"name":"Newborn fotoobraz"}]},{"@type":"WebSite","@id":"https:\/\/fotino.cz\/cs\/#website","url":"https:\/\/fotino.cz\/cs\/","name":"Fotino","description":"Photobook | Canvas | Photocalendar","publisher":{"@id":"https:\/\/fotino.cz\/cs\/#organization"},"potentialAction":[{"@type":"SearchAction","target":{"@type":"EntryPoint","urlTemplate":"https:\/\/fotino.cz\/cs\/?s={search_term_string}"},"query-input":{"@type":"PropertyValueSpecification","valueRequired":true,"valueName":"search_term_string"}}],"inLanguage":"cs"},{"@type":"Organization","@id":"https:\/\/fotino.cz\/cs\/#organization","name":"Fotino","url":"https:\/\/fotino.cz\/cs\/","logo":{"@type":"ImageObject","inLanguage":"cs","@id":"https:\/\/fotino.cz\/cs\/#\/schema\/logo\/image\/","url":"https:\/\/fotino.cz\/wp-content\/uploads\/2023\/09\/Logo-Fotino.webp","contentUrl":"https:\/\/fotino.cz\/wp-content\/uploads\/2023\/09\/Logo-Fotino.webp","width":591,"height":236,"caption":"Fotino"},"image":{"@id":"https:\/\/fotino.cz\/cs\/#\/schema\/logo\/image\/"}}]},"product_price_amount":"789.00","product_price_currency":"CZK","og_availability":"instock","product_availability":"instock","product_condition":"new"},"_links":{"self":[{"href":"https:\/\/fotino.cz\/cs\/wp-json\/wp\/v2\/product\/8328","targetHints":{"allow":["GET"]}}],"collection":[{"href":"https:\/\/fotino.cz\/cs\/wp-json\/wp\/v2\/product"}],"about":[{"href":"https:\/\/fotino.cz\/cs\/wp-json\/wp\/v2\/types\/product"}],"replies":[{"embeddable":true,"href":"https:\/\/fotino.cz\/cs\/wp-json\/wp\/v2\/comments?post=8328"}],"wp:featuredmedia":[{"embeddable":true,"href":"https:\/\/fotino.cz\/cs\/wp-json\/wp\/v2\/media\/8308"}],"wp:attachment":[{"href":"https:\/\/fotino.cz\/cs\/wp-json\/wp\/v2\/media?parent=8328"}],"wp:term":[{"taxonomy":"product_brand","embeddable":true,"href":"https:\/\/fotino.cz\/cs\/wp-json\/wp\/v2\/product_brand?post=8328"},{"taxonomy":"product_cat","embeddable":true,"href":"https:\/\/fotino.cz\/cs\/wp-json\/wp\/v2\/product_cat?post=8328"},{"taxonomy":"product_tag","embeddable":true,"href":"https:\/\/fotino.cz\/cs\/wp-json\/wp\/v2\/product_tag?post=8328"}],"curies":[{"name":"wp","href":"https:\/\/api.w.org\/{rel}","templated":true}]}}