{"id":7527,"date":"2023-07-19T10:40:25","date_gmt":"2023-07-19T08:40:25","guid":{"rendered":"https:\/\/wwwww.blumi.photo\/?post_type=product&#038;p=7527"},"modified":"2023-07-25T17:21:58","modified_gmt":"2023-07-25T15:21:58","slug":"stickblock","status":"publish","type":"product","link":"https:\/\/fotino.cz\/cs\/produkt\/stickblock\/","title":{"rendered":"StickBlock"},"content":{"rendered":"<h3>Samolep\u00edc\u00ed fotoobrazy<\/h3>\n<p>StickBlock jsou lehou\u010dk\u00e9 obrazy, s kter\u00fdmi si vysklad\u00e1te sv\u016fj fotop\u0159\u00edb\u011bh na va\u0161\u00ed st\u011bne.<br \/>\nForm\u00e1t 21x21cm je ide\u00e1ln\u00ed pro va\u0161e fotografie.<\/p>\n<h3>Bez m\u011b\u0159en\u00ed a vrt\u00e1n\u00ed<\/h3>\n<p class=\"caption\">Fotost\u011bny si vytvo\u0159\u00edte jednodu\u0161e. Obrazy nalepte, kde se v\u00e1m zl\u00edb\u00ed.<br \/>\nA kdy\u017e v\u00e1s st\u011bna omrz\u00ed, fotoobrazy jednodu\u0161e odlep\u00edte a nalep\u00edte na jin\u00e9 m\u00edsto.<\/p>\n","protected":false},"excerpt":{"rendered":"<p><img decoding=\"async\" src=\"https:\/\/blumi.photo\/img\/cms\/landingpage\/ICO\/images.png\" alt=\"\" \/>\u00a0<strong>Po\u010det d\u00edl\u016f<\/strong>: 4-8<br \/>\n<img decoding=\"async\" src=\"https:\/\/blumi.photo\/img\/cms\/landingpage\/ICO\/clock.png\" alt=\"\" \/>\u00a0<strong>\u010cas tvo\u0159en\u00ed<\/strong>: cca 5 minut<br \/>\n<img decoding=\"async\" src=\"https:\/\/blumi.photo\/img\/cms\/landingpage\/ICO\/ruler.png\" alt=\"\" \/>\u00a0<strong>Rozm\u011bry<\/strong>:\u00a0 21&#215;21 cm<br \/>\n<img decoding=\"async\" src=\"https:\/\/blumi.photo\/img\/cms\/landingpage\/ICO\/printer-alt.png\" alt=\"\" \/>\u00a0<strong>Tisk<\/strong> na kvalitn\u00ed 170g pap\u00edr<br \/>\n<img decoding=\"async\" src=\"https:\/\/blumi.photo\/img\/cms\/landingpage\/ICO\/blumi-truck.png\" alt=\"\" \/>\u00a0<strong>Dodac\u00ed doba<\/strong>: v\u00fdroba 7 prac. dn\u00ed + 1-2 dny doprava<\/p>\n","protected":false},"featured_media":7535,"comment_status":"open","ping_status":"closed","template":"","meta":{"_et_pb_use_builder":"","_et_pb_old_content":"","_et_gb_content_width":""},"product_brand":[],"product_cat":[212],"product_tag":[],"class_list":{"0":"post-7527","1":"product","2":"type-product","3":"status-publish","4":"has-post-thumbnail","6":"product_cat-stickblock-cs","8":"first","9":"outofstock","10":"sale","11":"shipping-taxable","12":"purchasable","13":"product-type-variable"},"yoast_head":"<!-- This site is optimized with the Yoast SEO plugin v27.2 - https:\/\/yoast.com\/product\/yoast-seo-wordpress\/ -->\n<title>StickBlock - Fotino<\/title>\n<meta name=\"robots\" content=\"index, follow, max-snippet:-1, max-image-preview:large, max-video-preview:-1\" \/>\n<link rel=\"canonical\" href=\"https:\/\/fotino.cz\/cs\/produkt\/stickblock\/\" \/>\n<meta property=\"og:locale\" content=\"cs_CZ\" \/>\n<meta property=\"og:type\" content=\"article\" \/>\n<meta property=\"og:title\" content=\"StickBlock - Fotino\" \/>\n<meta property=\"og:description\" content=\"\u00a0Po\u010det d\u00edl\u016f: 4-8 \u00a0\u010cas tvo\u0159en\u00ed: cca 5 minut \u00a0Rozm\u011bry:\u00a0 21x21 cm \u00a0Tisk na kvalitn\u00ed 170g pap\u00edr \u00a0Dodac\u00ed doba: v\u00fdroba 7 prac. dn\u00ed + 1-2 dny doprava\" \/>\n<meta property=\"og:url\" content=\"https:\/\/fotino.cz\/cs\/produkt\/stickblock\/\" \/>\n<meta property=\"og:site_name\" content=\"Fotino\" \/>\n<meta property=\"article:modified_time\" content=\"2023-07-25T15:21:58+00:00\" \/>\n<meta property=\"og:image\" content=\"https:\/\/fotino.cz\/wp-content\/uploads\/2023\/07\/Layout-3-scaled.jpg\" \/>\n\t<meta property=\"og:image:width\" content=\"2560\" \/>\n\t<meta property=\"og:image:height\" content=\"2560\" \/>\n\t<meta property=\"og:image:type\" content=\"image\/jpeg\" \/>\n<meta name=\"twitter:card\" content=\"summary_large_image\" \/>\n<meta name=\"twitter:label1\" content=\"Dostupnost\" \/>\n\t<meta name=\"twitter:data1\" content=\"Vyprod\u00e1no\" \/>\n<script type=\"application\/ld+json\" class=\"yoast-schema-graph\">{\"@context\":\"https:\/\/schema.org\",\"@graph\":[{\"@type\":\"WebPage\",\"@id\":\"https:\/\/fotino.cz\/cs\/produkt\/stickblock\/\",\"url\":\"https:\/\/fotino.cz\/cs\/produkt\/stickblock\/\",\"name\":\"StickBlock - Fotino\",\"isPartOf\":{\"@id\":\"https:\/\/fotino.cz\/cs\/#website\"},\"primaryImageOfPage\":{\"@id\":\"https:\/\/fotino.cz\/cs\/produkt\/stickblock\/#primaryimage\"},\"image\":{\"@id\":\"https:\/\/fotino.cz\/cs\/produkt\/stickblock\/#primaryimage\"},\"thumbnailUrl\":\"https:\/\/fotino.cz\/wp-content\/uploads\/2023\/07\/Layout-3-scaled.jpg\",\"datePublished\":\"2023-07-19T08:40:25+00:00\",\"dateModified\":\"2023-07-25T15:21:58+00:00\",\"breadcrumb\":{\"@id\":\"https:\/\/fotino.cz\/cs\/produkt\/stickblock\/#breadcrumb\"},\"inLanguage\":\"cs\",\"potentialAction\":[{\"@type\":\"ReadAction\",\"target\":[\"https:\/\/fotino.cz\/cs\/produkt\/stickblock\/\"]}]},{\"@type\":\"ImageObject\",\"inLanguage\":\"cs\",\"@id\":\"https:\/\/fotino.cz\/cs\/produkt\/stickblock\/#primaryimage\",\"url\":\"https:\/\/fotino.cz\/wp-content\/uploads\/2023\/07\/Layout-3-scaled.jpg\",\"contentUrl\":\"https:\/\/fotino.cz\/wp-content\/uploads\/2023\/07\/Layout-3-scaled.jpg\",\"width\":2560,\"height\":2560,\"caption\":\"happy family mother father and child daughter near an empty brick wall\"},{\"@type\":\"BreadcrumbList\",\"@id\":\"https:\/\/fotino.cz\/cs\/produkt\/stickblock\/#breadcrumb\",\"itemListElement\":[{\"@type\":\"ListItem\",\"position\":1,\"name\":\"Home\",\"item\":\"https:\/\/fotino.cz\/cs\/\"},{\"@type\":\"ListItem\",\"position\":2,\"name\":\"Shop\",\"item\":\"https:\/\/fotino.cz\/cs\/obchod\/\"},{\"@type\":\"ListItem\",\"position\":3,\"name\":\"StickBlock\"}]},{\"@type\":\"WebSite\",\"@id\":\"https:\/\/fotino.cz\/cs\/#website\",\"url\":\"https:\/\/fotino.cz\/cs\/\",\"name\":\"Fotino\",\"description\":\"Photobook | Canvas | Photocalendar\",\"publisher\":{\"@id\":\"https:\/\/fotino.cz\/cs\/#organization\"},\"potentialAction\":[{\"@type\":\"SearchAction\",\"target\":{\"@type\":\"EntryPoint\",\"urlTemplate\":\"https:\/\/fotino.cz\/cs\/?s={search_term_string}\"},\"query-input\":{\"@type\":\"PropertyValueSpecification\",\"valueRequired\":true,\"valueName\":\"search_term_string\"}}],\"inLanguage\":\"cs\"},{\"@type\":\"Organization\",\"@id\":\"https:\/\/fotino.cz\/cs\/#organization\",\"name\":\"Fotino\",\"url\":\"https:\/\/fotino.cz\/cs\/\",\"logo\":{\"@type\":\"ImageObject\",\"inLanguage\":\"cs\",\"@id\":\"https:\/\/fotino.cz\/cs\/#\/schema\/logo\/image\/\",\"url\":\"https:\/\/fotino.cz\/wp-content\/uploads\/2023\/09\/Logo-Fotino.webp\",\"contentUrl\":\"https:\/\/fotino.cz\/wp-content\/uploads\/2023\/09\/Logo-Fotino.webp\",\"width\":591,\"height\":236,\"caption\":\"Fotino\"},\"image\":{\"@id\":\"https:\/\/fotino.cz\/cs\/#\/schema\/logo\/image\/\"}}]}<\/script>\n<meta property=\"og:availability\" content=\"out of stock\" \/>\n<meta property=\"product:availability\" content=\"out of stock\" \/>\n<meta property=\"product:condition\" content=\"new\" \/>\n<!-- \/ Yoast SEO plugin. -->","yoast_head_json":{"title":"StickBlock - Fotino","robots":{"index":"index","follow":"follow","max-snippet":"max-snippet:-1","max-image-preview":"max-image-preview:large","max-video-preview":"max-video-preview:-1"},"canonical":"https:\/\/fotino.cz\/cs\/produkt\/stickblock\/","og_locale":"cs_CZ","og_type":"article","og_title":"StickBlock - Fotino","og_description":"\u00a0Po\u010det d\u00edl\u016f: 4-8 \u00a0\u010cas tvo\u0159en\u00ed: cca 5 minut \u00a0Rozm\u011bry:\u00a0 21x21 cm \u00a0Tisk na kvalitn\u00ed 170g pap\u00edr \u00a0Dodac\u00ed doba: v\u00fdroba 7 prac. dn\u00ed + 1-2 dny doprava","og_url":"https:\/\/fotino.cz\/cs\/produkt\/stickblock\/","og_site_name":"Fotino","article_modified_time":"2023-07-25T15:21:58+00:00","og_image":[{"width":2560,"height":2560,"url":"https:\/\/fotino.cz\/wp-content\/uploads\/2023\/07\/Layout-3-scaled.jpg","type":"image\/jpeg"}],"twitter_card":"summary_large_image","twitter_misc":{"Dostupnost":"Vyprod\u00e1no"},"schema":{"@context":"https:\/\/schema.org","@graph":[{"@type":"WebPage","@id":"https:\/\/fotino.cz\/cs\/produkt\/stickblock\/","url":"https:\/\/fotino.cz\/cs\/produkt\/stickblock\/","name":"StickBlock - Fotino","isPartOf":{"@id":"https:\/\/fotino.cz\/cs\/#website"},"primaryImageOfPage":{"@id":"https:\/\/fotino.cz\/cs\/produkt\/stickblock\/#primaryimage"},"image":{"@id":"https:\/\/fotino.cz\/cs\/produkt\/stickblock\/#primaryimage"},"thumbnailUrl":"https:\/\/fotino.cz\/wp-content\/uploads\/2023\/07\/Layout-3-scaled.jpg","datePublished":"2023-07-19T08:40:25+00:00","dateModified":"2023-07-25T15:21:58+00:00","breadcrumb":{"@id":"https:\/\/fotino.cz\/cs\/produkt\/stickblock\/#breadcrumb"},"inLanguage":"cs","potentialAction":[{"@type":"ReadAction","target":["https:\/\/fotino.cz\/cs\/produkt\/stickblock\/"]}]},{"@type":"ImageObject","inLanguage":"cs","@id":"https:\/\/fotino.cz\/cs\/produkt\/stickblock\/#primaryimage","url":"https:\/\/fotino.cz\/wp-content\/uploads\/2023\/07\/Layout-3-scaled.jpg","contentUrl":"https:\/\/fotino.cz\/wp-content\/uploads\/2023\/07\/Layout-3-scaled.jpg","width":2560,"height":2560,"caption":"happy family mother father and child daughter near an empty brick wall"},{"@type":"BreadcrumbList","@id":"https:\/\/fotino.cz\/cs\/produkt\/stickblock\/#breadcrumb","itemListElement":[{"@type":"ListItem","position":1,"name":"Home","item":"https:\/\/fotino.cz\/cs\/"},{"@type":"ListItem","position":2,"name":"Shop","item":"https:\/\/fotino.cz\/cs\/obchod\/"},{"@type":"ListItem","position":3,"name":"StickBlock"}]},{"@type":"WebSite","@id":"https:\/\/fotino.cz\/cs\/#website","url":"https:\/\/fotino.cz\/cs\/","name":"Fotino","description":"Photobook | Canvas | Photocalendar","publisher":{"@id":"https:\/\/fotino.cz\/cs\/#organization"},"potentialAction":[{"@type":"SearchAction","target":{"@type":"EntryPoint","urlTemplate":"https:\/\/fotino.cz\/cs\/?s={search_term_string}"},"query-input":{"@type":"PropertyValueSpecification","valueRequired":true,"valueName":"search_term_string"}}],"inLanguage":"cs"},{"@type":"Organization","@id":"https:\/\/fotino.cz\/cs\/#organization","name":"Fotino","url":"https:\/\/fotino.cz\/cs\/","logo":{"@type":"ImageObject","inLanguage":"cs","@id":"https:\/\/fotino.cz\/cs\/#\/schema\/logo\/image\/","url":"https:\/\/fotino.cz\/wp-content\/uploads\/2023\/09\/Logo-Fotino.webp","contentUrl":"https:\/\/fotino.cz\/wp-content\/uploads\/2023\/09\/Logo-Fotino.webp","width":591,"height":236,"caption":"Fotino"},"image":{"@id":"https:\/\/fotino.cz\/cs\/#\/schema\/logo\/image\/"}}]},"og_availability":"out of stock","product_availability":"out of stock","product_condition":"new"},"_links":{"self":[{"href":"https:\/\/fotino.cz\/cs\/wp-json\/wp\/v2\/product\/7527","targetHints":{"allow":["GET"]}}],"collection":[{"href":"https:\/\/fotino.cz\/cs\/wp-json\/wp\/v2\/product"}],"about":[{"href":"https:\/\/fotino.cz\/cs\/wp-json\/wp\/v2\/types\/product"}],"replies":[{"embeddable":true,"href":"https:\/\/fotino.cz\/cs\/wp-json\/wp\/v2\/comments?post=7527"}],"wp:featuredmedia":[{"embeddable":true,"href":"https:\/\/fotino.cz\/cs\/wp-json\/wp\/v2\/media\/7535"}],"wp:attachment":[{"href":"https:\/\/fotino.cz\/cs\/wp-json\/wp\/v2\/media?parent=7527"}],"wp:term":[{"taxonomy":"product_brand","embeddable":true,"href":"https:\/\/fotino.cz\/cs\/wp-json\/wp\/v2\/product_brand?post=7527"},{"taxonomy":"product_cat","embeddable":true,"href":"https:\/\/fotino.cz\/cs\/wp-json\/wp\/v2\/product_cat?post=7527"},{"taxonomy":"product_tag","embeddable":true,"href":"https:\/\/fotino.cz\/cs\/wp-json\/wp\/v2\/product_tag?post=7527"}],"curies":[{"name":"wp","href":"https:\/\/api.w.org\/{rel}","templated":true}]}}