{"id":7000,"date":"2023-07-17T10:06:59","date_gmt":"2023-07-17T08:06:59","guid":{"rendered":"https:\/\/wwwww.blumi.photo\/?post_type=product&#038;p=7000"},"modified":"2024-07-04T15:48:52","modified_gmt":"2024-07-04T13:48:52","slug":"milnikove-karticky-modre","status":"publish","type":"product","link":"https:\/\/fotino.cz\/cs\/produkt\/milnikove-karticky-modre\/","title":{"rendered":"Miln\u00edkov\u00e9 karti\u010dky &#8211; modr\u00e9"},"content":{"rendered":"<div class=\"et_pb_module et_pb_text et_pb_text_1 et_pb_text_align_left et_pb_bg_layout_light\">\n<div class=\"et_pb_text_inner\">\n<p>Zachy\u0165te ty nejkr\u00e1sn\u011bj\u0161\u00ed okam\u017eiky va\u0161eho miminka stylov\u011b a s l\u00e1skou.<br \/>\nMiln\u00edkov\u00e9 karti\u010dky jsou perfektn\u00ed pom\u016fckou pro uchov\u00e1n\u00ed t\u011bch nejvz\u00e1cn\u011bj\u0161\u00edch moment\u016f origin\u00e1ln\u00edm a p\u0159ehledn\u00fdm zp\u016fsobem.<br \/>\nTyto karti\u010dky jsou tak\u00e9 ide\u00e1ln\u00edm d\u00e1rkem pro nast\u00e1vaj\u00edc\u00ed maminku, kter\u00fd pot\u011b\u0161\u00ed a zachyt\u00ed nejd\u016fle\u017eit\u011bj\u0161\u00ed okam\u017eiky jej\u00edho d\u011b\u0165\u00e1tka.<\/p>\n<p>Vytvo\u0159ili jsme pro v\u00e1s 32 miln\u00edkov\u00fdch karti\u010dek s d\u016fkladn\u011b vybran\u00fdmi texty, vhodn\u00e9 pro v\u00e1s, budouc\u00ed maminky a tak\u00e9 pro va\u0161e miminko.<\/p>\n<\/div>\n<\/div>\n<div class=\"et_pb_module et_pb_blurb et_pb_blurb_4 et_pb_text_align_left et_pb_blurb_position_top et_pb_bg_layout_light\">\n<div class=\"et_pb_blurb_content\">\n<div class=\"et_pb_blurb_container\">\n<div class=\"et_pb_blurb_description\">\n<p><strong>\u00a0pro budouc\u00ed maminku :<br \/>\n<\/strong>12. t\u00fdden t\u011bhotenstv\u00ed, 16. t\u00fdden t\u011bhotenstv\u00ed, 20. t\u00fdden t\u011bhotenstv\u00ed, 24. t\u00fdden t\u011bhotenstv\u00ed, 28. t\u00fdden t\u011bhotenstv\u00ed, 32. t\u00fdden t\u011bhotenstv\u00ed, 36. t\u00fdden t\u011bhotenstv\u00ed, 40. t\u00fdden t\u011bhotenstv\u00ed, Bude to hol\u010di\u010dka, Bude to chlape\u010dek, Budu m\u00e1ma, Budu t\u00e1ta, Budeme m\u00edt miminko, Budu velk\u00fd br\u00e1cha, Budu velk\u00e1 s\u00e9gra, Prvn\u00ed ultrazvuk, Prvn\u00ed kopnut\u00ed, Budu babi\u010dka, Budu d\u011bde\u010dek, U\u017e zn\u00e1me jm\u00e9no: , Budou to dvoj\u010data, Bude to p\u0159ekvapen\u00ed, U\u017e si nevid\u00edm na nohy, U\u017e se na tebe t\u011b\u0161\u00edme, Ta\u0161ky do nemocnice sbaleny, St\u00e1le \u010dek\u00e1me, Dnes to p\u0159\u00edjde, Dnes m\u00e1m chu\u0165 na: , Budu kmotra, Budu kmotr, Test je pozitivn\u00ed, Poprv\u00e9 jsme sly\u0161eli tv\u00e9 srd\u00ed\u010dko<\/p>\n<p><strong>pro miminko:<br \/>\n<\/strong>Dnes jsem p\u0159i\u0161el na sv\u011bt, 1 T\u00fdden, 2 T\u00fddny, 3 T\u00fddny, 1 M\u011bs\u00edc, 2 M\u011bs\u00edce, 3 M\u011bs\u00edce, 4 M\u011bs\u00edce, 5 M\u011bs\u00edc\u016f, 6 M\u011bs\u00edc\u016f, 7 M\u011bs\u00edc\u016f, 8 M\u011bs\u00edc\u016f, 9 M\u011bs\u00edc\u016f, 10 M\u011bs\u00edc\u016f, 11 M\u011bs\u00edc\u016f, Moje prvn\u00ed narozeniny, Prvn\u00ed slovo:\u00a0 ,\u00a0 Moje obl\u00edben\u00e1 hra\u010dka:\u00a0 ,\u00a0 M\u00e1m prvn\u00ed zoubek, Pap\u00e1m prvn\u00ed ka\u0161i\u010dku, Um\u00edm \u0159\u00edct M\u00e1ma, U\u017e um\u00edm sed\u011bt, Moje prvn\u00ed v\u00e1noce, U\u017e se usm\u00edv\u00e1m, Um\u00edm \u0159\u00edct T\u00e1ta, U\u017e lezu, Moje prvn\u00ed kr\u016f\u010dky, U\u017e se um\u00edm oto\u010dit na b\u0159\u00ed\u0161ko, Dnes jsme prospali celou noc, Moje prvn\u00ed koup\u00e1n\u00ed, Kone\u010dn\u011b doma, M\u016fj prvn\u00ed \u00fa\u010des<\/p>\n<\/div>\n<\/div>\n<\/div>\n<\/div>\n","protected":false},"excerpt":{"rendered":"<p>Zachy\u0165te ty nejkr\u00e1sn\u011bj\u0161\u00ed okam\u017eiky va\u0161eho miminka stylov\u011b a s l\u00e1skou. Miln\u00edkov\u00e9 karti\u010dky jsou perfektn\u00ed pom\u016fckou pro uchov\u00e1n\u00ed t\u011bch nejvz\u00e1cn\u011bj\u0161\u00edch moment\u016f origin\u00e1ln\u00edm a p\u0159ehledn\u00fdm zp\u016fsobem. Tyto karti\u010dky jsou tak\u00e9 ide\u00e1ln\u00edm d\u00e1rkem pro nast\u00e1vaj\u00edc\u00ed maminku, kter\u00fd pot\u011b\u0161\u00ed a zachyt\u00ed nejd\u016fle\u017eit\u011bj\u0161\u00ed okam\u017eiky jej\u00edho d\u011b\u0165\u00e1tka. Vytvo\u0159ili jsme pro v\u00e1s 32 miln\u00edkov\u00fdch karti\u010dek s d\u016fkladn\u011b vybran\u00fdmi texty, vhodn\u00e9 pro v\u00e1s, [&hellip;]<\/p>\n","protected":false},"featured_media":7009,"comment_status":"open","ping_status":"closed","template":"","meta":{"_et_pb_use_builder":"","_et_pb_old_content":"","_et_gb_content_width":""},"product_brand":[],"product_cat":[160],"product_tag":[],"class_list":{"0":"post-7000","1":"product","2":"type-product","3":"status-publish","4":"has-post-thumbnail","6":"product_cat-milnikove-karticky-cs","8":"first","9":"instock","10":"sold-individually","11":"shipping-taxable","12":"purchasable","13":"product-type-simple"},"yoast_head":"<!-- This site is optimized with the Yoast SEO plugin v27.2 - https:\/\/yoast.com\/product\/yoast-seo-wordpress\/ -->\n<title>Miln\u00edkov\u00e9 karti\u010dky - modr\u00e9 - Fotino<\/title>\n<meta name=\"robots\" content=\"index, follow, max-snippet:-1, max-image-preview:large, max-video-preview:-1\" \/>\n<link rel=\"canonical\" href=\"https:\/\/fotino.cz\/cs\/produkt\/milnikove-karticky-modre\/\" \/>\n<meta property=\"og:locale\" content=\"cs_CZ\" \/>\n<meta property=\"og:type\" content=\"article\" \/>\n<meta property=\"og:title\" content=\"Miln\u00edkov\u00e9 karti\u010dky - modr\u00e9 - Fotino\" \/>\n<meta property=\"og:description\" content=\"Zachy\u0165te ty nejkr\u00e1sn\u011bj\u0161\u00ed okam\u017eiky va\u0161eho miminka stylov\u011b a s l\u00e1skou. Miln\u00edkov\u00e9 karti\u010dky jsou perfektn\u00ed pom\u016fckou pro uchov\u00e1n\u00ed t\u011bch nejvz\u00e1cn\u011bj\u0161\u00edch moment\u016f origin\u00e1ln\u00edm a p\u0159ehledn\u00fdm zp\u016fsobem. Tyto karti\u010dky jsou tak\u00e9 ide\u00e1ln\u00edm d\u00e1rkem pro nast\u00e1vaj\u00edc\u00ed maminku, kter\u00fd pot\u011b\u0161\u00ed a zachyt\u00ed nejd\u016fle\u017eit\u011bj\u0161\u00ed okam\u017eiky jej\u00edho d\u011b\u0165\u00e1tka. Vytvo\u0159ili jsme pro v\u00e1s 32 miln\u00edkov\u00fdch karti\u010dek s d\u016fkladn\u011b vybran\u00fdmi texty, vhodn\u00e9 pro v\u00e1s, [&hellip;]\" \/>\n<meta property=\"og:url\" content=\"https:\/\/fotino.cz\/cs\/produkt\/milnikove-karticky-modre\/\" \/>\n<meta property=\"og:site_name\" content=\"Fotino\" \/>\n<meta property=\"article:modified_time\" content=\"2024-07-04T13:48:52+00:00\" \/>\n<meta property=\"og:image\" content=\"https:\/\/fotino.cz\/wp-content\/uploads\/2023\/07\/Blue-CZ.jpg\" \/>\n\t<meta property=\"og:image:width\" content=\"900\" \/>\n\t<meta property=\"og:image:height\" content=\"900\" \/>\n\t<meta property=\"og:image:type\" content=\"image\/jpeg\" \/>\n<meta name=\"twitter:card\" content=\"summary_large_image\" \/>\n<meta name=\"twitter:label1\" content=\"Cena\" \/>\n\t<meta name=\"twitter:data1\" content=\"299,00&nbsp;&#075;&#269;\" \/>\n\t<meta name=\"twitter:label2\" content=\"Dostupnost\" \/>\n\t<meta name=\"twitter:data2\" content=\"Skladem\" \/>\n<script type=\"application\/ld+json\" class=\"yoast-schema-graph\">{\"@context\":\"https:\/\/schema.org\",\"@graph\":[{\"@type\":\"WebPage\",\"@id\":\"https:\/\/fotino.cz\/cs\/produkt\/milnikove-karticky-modre\/\",\"url\":\"https:\/\/fotino.cz\/cs\/produkt\/milnikove-karticky-modre\/\",\"name\":\"Miln\u00edkov\u00e9 karti\u010dky - modr\u00e9 - Fotino\",\"isPartOf\":{\"@id\":\"https:\/\/fotino.cz\/cs\/#website\"},\"primaryImageOfPage\":{\"@id\":\"https:\/\/fotino.cz\/cs\/produkt\/milnikove-karticky-modre\/#primaryimage\"},\"image\":{\"@id\":\"https:\/\/fotino.cz\/cs\/produkt\/milnikove-karticky-modre\/#primaryimage\"},\"thumbnailUrl\":\"https:\/\/fotino.cz\/wp-content\/uploads\/2023\/07\/Blue-CZ.jpg\",\"datePublished\":\"2023-07-17T08:06:59+00:00\",\"dateModified\":\"2024-07-04T13:48:52+00:00\",\"breadcrumb\":{\"@id\":\"https:\/\/fotino.cz\/cs\/produkt\/milnikove-karticky-modre\/#breadcrumb\"},\"inLanguage\":\"cs\",\"potentialAction\":[{\"@type\":\"ReadAction\",\"target\":[\"https:\/\/fotino.cz\/cs\/produkt\/milnikove-karticky-modre\/\"]}]},{\"@type\":\"ImageObject\",\"inLanguage\":\"cs\",\"@id\":\"https:\/\/fotino.cz\/cs\/produkt\/milnikove-karticky-modre\/#primaryimage\",\"url\":\"https:\/\/fotino.cz\/wp-content\/uploads\/2023\/07\/Blue-CZ.jpg\",\"contentUrl\":\"https:\/\/fotino.cz\/wp-content\/uploads\/2023\/07\/Blue-CZ.jpg\",\"width\":900,\"height\":900},{\"@type\":\"BreadcrumbList\",\"@id\":\"https:\/\/fotino.cz\/cs\/produkt\/milnikove-karticky-modre\/#breadcrumb\",\"itemListElement\":[{\"@type\":\"ListItem\",\"position\":1,\"name\":\"Home\",\"item\":\"https:\/\/fotino.cz\/cs\/\"},{\"@type\":\"ListItem\",\"position\":2,\"name\":\"Shop\",\"item\":\"https:\/\/fotino.cz\/cs\/obchod\/\"},{\"@type\":\"ListItem\",\"position\":3,\"name\":\"Miln\u00edkov\u00e9 karti\u010dky &#8211; modr\u00e9\"}]},{\"@type\":\"WebSite\",\"@id\":\"https:\/\/fotino.cz\/cs\/#website\",\"url\":\"https:\/\/fotino.cz\/cs\/\",\"name\":\"Fotino\",\"description\":\"Photobook | Canvas | Photocalendar\",\"publisher\":{\"@id\":\"https:\/\/fotino.cz\/cs\/#organization\"},\"potentialAction\":[{\"@type\":\"SearchAction\",\"target\":{\"@type\":\"EntryPoint\",\"urlTemplate\":\"https:\/\/fotino.cz\/cs\/?s={search_term_string}\"},\"query-input\":{\"@type\":\"PropertyValueSpecification\",\"valueRequired\":true,\"valueName\":\"search_term_string\"}}],\"inLanguage\":\"cs\"},{\"@type\":\"Organization\",\"@id\":\"https:\/\/fotino.cz\/cs\/#organization\",\"name\":\"Fotino\",\"url\":\"https:\/\/fotino.cz\/cs\/\",\"logo\":{\"@type\":\"ImageObject\",\"inLanguage\":\"cs\",\"@id\":\"https:\/\/fotino.cz\/cs\/#\/schema\/logo\/image\/\",\"url\":\"https:\/\/fotino.cz\/wp-content\/uploads\/2023\/09\/Logo-Fotino.webp\",\"contentUrl\":\"https:\/\/fotino.cz\/wp-content\/uploads\/2023\/09\/Logo-Fotino.webp\",\"width\":591,\"height\":236,\"caption\":\"Fotino\"},\"image\":{\"@id\":\"https:\/\/fotino.cz\/cs\/#\/schema\/logo\/image\/\"}}]}<\/script>\n<meta property=\"product:price:amount\" content=\"299.00\" \/>\n<meta property=\"product:price:currency\" content=\"CZK\" \/>\n<meta property=\"og:availability\" content=\"instock\" \/>\n<meta property=\"product:availability\" content=\"instock\" \/>\n<meta property=\"product:retailer_item_id\" content=\"8588010023001\" \/>\n<meta property=\"product:condition\" content=\"new\" \/>\n<!-- \/ Yoast SEO plugin. -->","yoast_head_json":{"title":"Miln\u00edkov\u00e9 karti\u010dky - modr\u00e9 - Fotino","robots":{"index":"index","follow":"follow","max-snippet":"max-snippet:-1","max-image-preview":"max-image-preview:large","max-video-preview":"max-video-preview:-1"},"canonical":"https:\/\/fotino.cz\/cs\/produkt\/milnikove-karticky-modre\/","og_locale":"cs_CZ","og_type":"article","og_title":"Miln\u00edkov\u00e9 karti\u010dky - modr\u00e9 - Fotino","og_description":"Zachy\u0165te ty nejkr\u00e1sn\u011bj\u0161\u00ed okam\u017eiky va\u0161eho miminka stylov\u011b a s l\u00e1skou. Miln\u00edkov\u00e9 karti\u010dky jsou perfektn\u00ed pom\u016fckou pro uchov\u00e1n\u00ed t\u011bch nejvz\u00e1cn\u011bj\u0161\u00edch moment\u016f origin\u00e1ln\u00edm a p\u0159ehledn\u00fdm zp\u016fsobem. Tyto karti\u010dky jsou tak\u00e9 ide\u00e1ln\u00edm d\u00e1rkem pro nast\u00e1vaj\u00edc\u00ed maminku, kter\u00fd pot\u011b\u0161\u00ed a zachyt\u00ed nejd\u016fle\u017eit\u011bj\u0161\u00ed okam\u017eiky jej\u00edho d\u011b\u0165\u00e1tka. Vytvo\u0159ili jsme pro v\u00e1s 32 miln\u00edkov\u00fdch karti\u010dek s d\u016fkladn\u011b vybran\u00fdmi texty, vhodn\u00e9 pro v\u00e1s, [&hellip;]","og_url":"https:\/\/fotino.cz\/cs\/produkt\/milnikove-karticky-modre\/","og_site_name":"Fotino","article_modified_time":"2024-07-04T13:48:52+00:00","og_image":[{"width":900,"height":900,"url":"https:\/\/fotino.cz\/wp-content\/uploads\/2023\/07\/Blue-CZ.jpg","type":"image\/jpeg"}],"twitter_card":"summary_large_image","twitter_misc":{"Cena":"299,00&nbsp;&#75;&#269;","Dostupnost":"Skladem"},"schema":{"@context":"https:\/\/schema.org","@graph":[{"@type":"WebPage","@id":"https:\/\/fotino.cz\/cs\/produkt\/milnikove-karticky-modre\/","url":"https:\/\/fotino.cz\/cs\/produkt\/milnikove-karticky-modre\/","name":"Miln\u00edkov\u00e9 karti\u010dky - modr\u00e9 - Fotino","isPartOf":{"@id":"https:\/\/fotino.cz\/cs\/#website"},"primaryImageOfPage":{"@id":"https:\/\/fotino.cz\/cs\/produkt\/milnikove-karticky-modre\/#primaryimage"},"image":{"@id":"https:\/\/fotino.cz\/cs\/produkt\/milnikove-karticky-modre\/#primaryimage"},"thumbnailUrl":"https:\/\/fotino.cz\/wp-content\/uploads\/2023\/07\/Blue-CZ.jpg","datePublished":"2023-07-17T08:06:59+00:00","dateModified":"2024-07-04T13:48:52+00:00","breadcrumb":{"@id":"https:\/\/fotino.cz\/cs\/produkt\/milnikove-karticky-modre\/#breadcrumb"},"inLanguage":"cs","potentialAction":[{"@type":"ReadAction","target":["https:\/\/fotino.cz\/cs\/produkt\/milnikove-karticky-modre\/"]}]},{"@type":"ImageObject","inLanguage":"cs","@id":"https:\/\/fotino.cz\/cs\/produkt\/milnikove-karticky-modre\/#primaryimage","url":"https:\/\/fotino.cz\/wp-content\/uploads\/2023\/07\/Blue-CZ.jpg","contentUrl":"https:\/\/fotino.cz\/wp-content\/uploads\/2023\/07\/Blue-CZ.jpg","width":900,"height":900},{"@type":"BreadcrumbList","@id":"https:\/\/fotino.cz\/cs\/produkt\/milnikove-karticky-modre\/#breadcrumb","itemListElement":[{"@type":"ListItem","position":1,"name":"Home","item":"https:\/\/fotino.cz\/cs\/"},{"@type":"ListItem","position":2,"name":"Shop","item":"https:\/\/fotino.cz\/cs\/obchod\/"},{"@type":"ListItem","position":3,"name":"Miln\u00edkov\u00e9 karti\u010dky &#8211; modr\u00e9"}]},{"@type":"WebSite","@id":"https:\/\/fotino.cz\/cs\/#website","url":"https:\/\/fotino.cz\/cs\/","name":"Fotino","description":"Photobook | Canvas | Photocalendar","publisher":{"@id":"https:\/\/fotino.cz\/cs\/#organization"},"potentialAction":[{"@type":"SearchAction","target":{"@type":"EntryPoint","urlTemplate":"https:\/\/fotino.cz\/cs\/?s={search_term_string}"},"query-input":{"@type":"PropertyValueSpecification","valueRequired":true,"valueName":"search_term_string"}}],"inLanguage":"cs"},{"@type":"Organization","@id":"https:\/\/fotino.cz\/cs\/#organization","name":"Fotino","url":"https:\/\/fotino.cz\/cs\/","logo":{"@type":"ImageObject","inLanguage":"cs","@id":"https:\/\/fotino.cz\/cs\/#\/schema\/logo\/image\/","url":"https:\/\/fotino.cz\/wp-content\/uploads\/2023\/09\/Logo-Fotino.webp","contentUrl":"https:\/\/fotino.cz\/wp-content\/uploads\/2023\/09\/Logo-Fotino.webp","width":591,"height":236,"caption":"Fotino"},"image":{"@id":"https:\/\/fotino.cz\/cs\/#\/schema\/logo\/image\/"}}]},"product_price_amount":"299.00","product_price_currency":"CZK","og_availability":"instock","product_availability":"instock","product_retailer_item_id":"8588010023001","product_condition":"new"},"_links":{"self":[{"href":"https:\/\/fotino.cz\/cs\/wp-json\/wp\/v2\/product\/7000","targetHints":{"allow":["GET"]}}],"collection":[{"href":"https:\/\/fotino.cz\/cs\/wp-json\/wp\/v2\/product"}],"about":[{"href":"https:\/\/fotino.cz\/cs\/wp-json\/wp\/v2\/types\/product"}],"replies":[{"embeddable":true,"href":"https:\/\/fotino.cz\/cs\/wp-json\/wp\/v2\/comments?post=7000"}],"wp:featuredmedia":[{"embeddable":true,"href":"https:\/\/fotino.cz\/cs\/wp-json\/wp\/v2\/media\/7009"}],"wp:attachment":[{"href":"https:\/\/fotino.cz\/cs\/wp-json\/wp\/v2\/media?parent=7000"}],"wp:term":[{"taxonomy":"product_brand","embeddable":true,"href":"https:\/\/fotino.cz\/cs\/wp-json\/wp\/v2\/product_brand?post=7000"},{"taxonomy":"product_cat","embeddable":true,"href":"https:\/\/fotino.cz\/cs\/wp-json\/wp\/v2\/product_cat?post=7000"},{"taxonomy":"product_tag","embeddable":true,"href":"https:\/\/fotino.cz\/cs\/wp-json\/wp\/v2\/product_tag?post=7000"}],"curies":[{"name":"wp","href":"https:\/\/api.w.org\/{rel}","templated":true}]}}